{"id":79578,"date":"2026-01-30T10:41:28","date_gmt":"2026-01-30T09:41:28","guid":{"rendered":"https:\/\/annettewelander.com\/?page_id=79578"},"modified":"2026-02-03T20:00:48","modified_gmt":"2026-02-03T19:00:48","slug":"esg-policies","status":"publish","type":"page","link":"https:\/\/annettewelander.com\/sv\/esg-policies\/","title":{"rendered":"ESG Policies"},"content":{"rendered":"<div class=\"wpb-content-wrapper\"><div data-parent=\"true\" class=\"vc_row row-container boomapps_vcrow\" id=\"row-unique-0\"><div class=\"row limit-width row-parent\"><div class=\"wpb_row row-inner\"><div class=\"wpb_column pos-top pos-center align_left column_parent col-lg-12 boomapps_vccolumn single-internal-gutter\"><div class=\"uncol style-light\"  ><div class=\"uncoltable\"><div class=\"uncell  boomapps_vccolumn no-block-padding\" ><div class=\"uncont\" ><div class=\"uncode_text_column\" ><\/p>\n<p style=\"text-align: center;\">Last updated: January 1, 2026<\/p>\n<p>\n<\/div><div class=\"vc_custom_heading_wrap\"><div class=\"heading-text el-text\" ><\/p>\n<h2>ESG Policies<\/h2>\n<p>\n<\/div><div class=\"clear\"><\/div><\/div><div class=\"uncode_text_column\" ><\/p>\n<p style=\"text-align: center;\"><u>Carbon Footprint Reduction<\/u><\/p>\n<p style=\"text-align: center;\">We offer gold with ZERO emissions; CO2-neutral gold. This means that the assessment of our gold is already neutral and it does not need to be additional compensated. Unavoidable emissions are offset by investing in certified climate protection projects through our supplier C.HAFNER. For the extraction of one kg of fine gold, 30,000kg of CO2 are emitted in a mine; By recycling high-content material, only 50kg are emitted.<\/p>\n<p style=\"text-align: center;\">Our shipping is environmentally friendly and we use DHL GoGreen Plus Worldwide, a pioneer in green logistics. DHL GoGreen Plus uses SAF that is a biofuel that is produced from renewable sources such as vegetable oils, animal fats, waste products, and agricultural crops. SAF is specifically designed to be used as a substitute for traditional jet fuel and can reduce greenhouse gas emissions by up to 80% compared to fossil fuels. By insetting via GoGreen Plus, we can directly reduce CO2 emissions of our transportation within our own supply chain. The entire process is verified by an independent body accredited by the Soci\u00e9t\u00e9 G\u00e9n\u00e9rale de Surveillance (SGS)DHL has also set ambitious environmental targets and aims to reduce their logistics-related greenhouse gas and air pollutant emissions to zero by the year 2050. DHL Group\u2019s sustainability performance is independently evaluated by renowned ESG rating agencies and supplier platforms on an ongoing basis. For more information, please review their\u00a0ESG presentation.<\/p>\n<p style=\"text-align: center;\">By using DHL Go Green plus for our shipments we also contribute to biodiversity. The DHL Group addresses biodiversity as part of its \u201cGoGreen\u201d environmental program, focusing on minimizing its footprint through sustainable operations and ecosystem protection. Key initiatives include joining the \u2018Biodiversity in Good Company\u2019 initiative, assessing operational impacts, piloting measures at facilities, and supporting tree-planting projects. DHL works to incorporate biodiversity protection into its global environmental program, including assessing impacts and conducting pilot measures at sites. In partnership with Greenpop, DHL Express SSA has planted thousands of trees, such as the 12,000 trees planted in Malawi to restore forests.<\/p>\n<p style=\"text-align: center;\"><u>Responsible Supply Chain Partnerships<\/u><\/p>\n<p style=\"text-align: center;\">We work exclusively with suppliers who have clear social strategies.<\/p>\n<p style=\"text-align: center;\"><u>Precious Metals<\/u><\/p>\n<p style=\"text-align: center;\">In Sweden, the ethical sourcing of precious metals is controlled by Swedac, who are the regulatory and supervisory authority in Sweden for precious metals.<\/p>\n<p style=\"text-align: center;\">The precious metals we use come from one of the largest, most influential Nordic distributor and are manufactured exclusively by LMBA or LPPM-certified companies in accordance with the 2017\/821 Regulation (EU) laying down supply chain due diligence obligations. The gold is produced by a C02-neutral refining process through the use of the state-of-the-art technology.<\/p>\n<p style=\"text-align: center;\">We can therefore ensure that in all gold raw material, only conflict-free material is used.\u00a0 LMBA is the world\u2019s only independent authority for precious metals and they ensure the highest levels of leadership, integrity and transparency for the global precious metals industry by advancing standards and developing market solutions.<\/p>\n<p style=\"text-align: center;\"><u>Lab grown diamonds<\/u><\/p>\n<p style=\"text-align: center;\">At Annette Welander we have made an active choice not to work with Lab grown diamonds due to our commitment to sustainability.<\/p>\n<p style=\"text-align: center;\">Trucost, part of S&amp;P Global were commissioned in 2019 to undertake a world-first comprehensive analysis in of the total value contribution of The Diamond Producers Association (DPA) members to better understand all material socioeconomic and environmental impacts and benefits of diamond mining. One of the key findings was that the Greenhouse gas footprint per one carat of polished diamond is 160kg CO2e per carat, 69% less than the estimated carbon footprint of lab grown diamond<\/p>\n<p style=\"text-align: center;\"><u>Natural Diamonds<\/u><\/p>\n<p style=\"text-align: center;\">At Annette Welander we only work with natural diamonds that are sustainably sourced and conflict free. Our natural diamonds are white top Wesselton VVS diamonds (E-F colour). We also work with coloured diamonds in top quality; pink and champagne to Cognac. The sourcing for our diamonds comes from our suppliers in Antwerpen and through Antwerp World Diamond Centre AWDC https:\/\/www.awdc.be\/. (This means that we have full control of the origin and all diamonds are traceable.)<\/p>\n<p style=\"text-align: center;\">While maintaining the highest standards of compliance and transparency, the Antwerp World Diamond Centre (AWDC) defends the interests of about 1470 Belgian Registered Diamond companies and represents them both within Belgium and on the international stage.<\/p>\n<p style=\"text-align: center;\">In Antwerp, strict regulatory frameworks, effective supervision, and progressive EU legislation ensure the highest standards of integrity. Only officially approved companies can operate as diamond businesses, and all diamonds pass through the Diamond Office\u2014a unique, dedicated customs facility\u2014where independent experts verify their conflict-free and ethical origins through Kimberley Process certification.<\/p>\n<p style=\"text-align: center;\">Additionally, Antwerp\u2019s diamond companies adhere to rigorous European anti-money laundering (AML) legislation, conducting thorough customer screenings, risk assessments, and annual reporting. Companies compliance officers undergo regular training to stay aligned with evolving regulations.<\/p>\n<p style=\"text-align: center;\"><u>Tahitian Pearls<\/u><\/p>\n<p style=\"text-align: center;\">The Tahitian pearls we use are the finest quality, top luster from sustainable farms in Tahiti. When harvesting sustainable pearls, no treatment is performed and there is no manipulation with colours or luster. \u00a0The pearls have an A grading which is the highest quality available for use.<\/p>\n<p style=\"text-align: center;\"><u>Packaging<\/u><\/p>\n<p style=\"text-align: center;\">For our packaging, we source the paper in Sweden from one of the most environmentally-friendly paper mills in the world and it is Cradle to Cradle Certified\u00ae. The paper mill is the first one in the world to have completed this certification. It is EU Ecolabel, FSC and PEFC\u2122 certified. Cradle to Cradle Certified\u00ae is a global recognised standard of safe and circular products.\u00a0 Their mission is to not only minimise the negative influence on the environment, but to go beyond, and to leave a positive footprint.<\/p>\n<p>\n<\/div><\/div><\/div><\/div><\/div><\/div><script id=\"script-row-unique-0\" data-row=\"script-row-unique-0\" type=\"text\/javascript\" class=\"vc_controls\">UNCODE.initRow(document.getElementById(\"row-unique-0\"));<\/script><\/div><\/div><\/div><div data-parent=\"true\" class=\"vc_row row-container boomapps_vcrow\" id=\"row-unique-1\"><div class=\"row limit-width row-parent\"><div class=\"wpb_row row-inner\"><div class=\"wpb_column pos-top pos-center align_left column_parent col-lg-12 boomapps_vccolumn single-internal-gutter\"><div class=\"uncol style-light\"  ><div class=\"uncoltable\"><div class=\"uncell  boomapps_vccolumn no-block-padding\" ><div class=\"uncont\" ><div class=\"vc_custom_heading_wrap\"><div class=\"heading-text el-text\" ><\/p>\n<h2>Human Rights Policy<\/h2>\n<p>\n<\/div><div class=\"clear\"><\/div><\/div><div class=\"uncode_text_column\" ><\/p>\n<p style=\"text-align: center;\"><a href=\"\/sv\/human-rights-policy\/\">Read more &gt;&gt;<\/a><\/p>\n<p>\n<\/div><\/div><\/div><\/div><\/div><\/div><script id=\"script-row-unique-1\" data-row=\"script-row-unique-1\" type=\"text\/javascript\" class=\"vc_controls\">UNCODE.initRow(document.getElementById(\"row-unique-1\"));<\/script><\/div><\/div><\/div><div data-parent=\"true\" class=\"vc_row row-container boomapps_vcrow\" id=\"row-unique-2\"><div class=\"row limit-width row-parent\"><div class=\"wpb_row row-inner\"><div class=\"wpb_column pos-top pos-center align_left column_parent col-lg-12 boomapps_vccolumn single-internal-gutter\"><div class=\"uncol style-light\"  ><div class=\"uncoltable\"><div class=\"uncell  boomapps_vccolumn no-block-padding\" ><div class=\"uncont\" ><div class=\"vc_custom_heading_wrap\"><div class=\"heading-text el-text\" ><\/p>\n<h2>Diversity, Equlty and Inclusion<\/h2>\n<p>\n<\/div><div class=\"clear\"><\/div><\/div><div class=\"uncode_text_column\" ><\/p>\n<p style=\"text-align: center;\">At Annette Welander, we are committed to cultivate and preserve a culture of mutual respect, inclusion, and diversity.\u00a0 We are dedicated to increasing diversity, equlty, and inclusion across our entire company. Annette Welander has adopted the United Nations Women\u00b4s Empowerment as a part of our committment to promoting gender equality and women+s empowerment in the workplace, Marketplace, and community.<\/p>\n<p>\n<\/div><\/div><\/div><\/div><\/div><\/div><script id=\"script-row-unique-2\" data-row=\"script-row-unique-2\" type=\"text\/javascript\" class=\"vc_controls\">UNCODE.initRow(document.getElementById(\"row-unique-2\"));<\/script><\/div><\/div><\/div><div data-parent=\"true\" class=\"vc_row row-container boomapps_vcrow\" id=\"row-unique-3\"><div class=\"row limit-width row-parent\"><div class=\"wpb_row row-inner\"><div class=\"wpb_column pos-top pos-center align_left column_parent col-lg-12 boomapps_vccolumn single-internal-gutter\"><div class=\"uncol style-light\"  ><div class=\"uncoltable\"><div class=\"uncell  boomapps_vccolumn no-block-padding\" ><div class=\"uncont\" ><div class=\"vc_custom_heading_wrap\"><div class=\"heading-text el-text\" ><\/p>\n<h2>Anti Corruption<\/h2>\n<p>\n<\/div><div class=\"clear\"><\/div><\/div><div class=\"uncode_text_column\" ><\/p>\n<p style=\"text-align: center;\">It is our policy to conduct all of our business in na honest and ethical manner. We take a zero-tolerance approach to bribery and corruption, and are committed to acting professionally, failry and with integrity in all our business dealings and relationsships wherever we operate and implementing and enforcing effective systems to counter bribery.<\/p>\n<p>\n<\/div><\/div><\/div><\/div><\/div><\/div><script id=\"script-row-unique-3\" data-row=\"script-row-unique-3\" type=\"text\/javascript\" class=\"vc_controls\">UNCODE.initRow(document.getElementById(\"row-unique-3\"));<\/script><\/div><\/div><\/div><div data-parent=\"true\" class=\"vc_row row-container boomapps_vcrow\" id=\"row-unique-4\"><div class=\"row limit-width row-parent\"><div class=\"wpb_row row-inner\"><div class=\"wpb_column pos-top pos-center align_left column_parent col-lg-12 boomapps_vccolumn single-internal-gutter\"><div class=\"uncol style-light\"  ><div class=\"uncoltable\"><div class=\"uncell  boomapps_vccolumn no-block-padding\" ><div class=\"uncont\" ><div class=\"vc_custom_heading_wrap\"><div class=\"heading-text el-text\" ><h2 class=\"h2\" ><span><\/p><\/span><span><h2 style=\"text-align: center;\">Modern Slavery Act Statement<\/h2><\/span><span><p><\/span><\/h2><\/div><div class=\"clear\"><\/div><\/div><div class=\"uncode_text_column\" ><\/p>\n<p style=\"text-align: center;\">We are dedicated to creating a better Jewellery industry. Annette Welander committs to respecting human rights rcognizes its responsibility to respect human rights as stated in the UM Guiding Principles on Business and Human Rights (UNGP) \u00a0through its code of conduct.<\/p>\n<p>\n<\/div><\/div><\/div><\/div><\/div><\/div><script id=\"script-row-unique-4\" data-row=\"script-row-unique-4\" type=\"text\/javascript\" class=\"vc_controls\">UNCODE.initRow(document.getElementById(\"row-unique-4\"));<\/script><\/div><\/div><\/div><div data-parent=\"true\" class=\"vc_row row-container boomapps_vcrow\" id=\"row-unique-5\"><div class=\"row limit-width row-parent\"><div class=\"wpb_row row-inner\"><div class=\"wpb_column pos-top pos-center align_left column_parent col-lg-12 boomapps_vccolumn single-internal-gutter\"><div class=\"uncol style-light\"  ><div class=\"uncoltable\"><div class=\"uncell  boomapps_vccolumn no-block-padding\" ><div class=\"uncont\" ><div class=\"vc_custom_heading_wrap\"><div class=\"heading-text el-text\" ><\/p>\n<h2>Whistleblowing and Grlevance Procedures<\/h2>\n<p>\n<\/div><div class=\"clear\"><\/div><\/div><div class=\"uncode_text_column\" ><\/p>\n<p style=\"text-align: center;\">Annette Welander is committed to conduct business with integrity and accountability, to ensure that we live up to our standards and address any breaches that may happen through our organisation. Stakeholders can raise concerns through our Grlevance Procedure.<\/p>\n<p>\n<\/div><\/div><\/div><\/div><\/div><\/div><script id=\"script-row-unique-5\" data-row=\"script-row-unique-5\" type=\"text\/javascript\" class=\"vc_controls\">UNCODE.initRow(document.getElementById(\"row-unique-5\"));<\/script><\/div><\/div><\/div><div data-parent=\"true\" class=\"vc_row row-container boomapps_vcrow\" id=\"row-unique-6\"><div class=\"row limit-width row-parent\"><div class=\"wpb_row row-inner\"><div class=\"wpb_column pos-top pos-center align_left column_parent col-lg-12 boomapps_vccolumn single-internal-gutter\"><div class=\"uncol style-light\"  ><div class=\"uncoltable\"><div class=\"uncell  boomapps_vccolumn no-block-padding\" ><div class=\"uncont\" ><\/div><\/div><\/div><\/div><\/div><script id=\"script-row-unique-6\" data-row=\"script-row-unique-6\" type=\"text\/javascript\" class=\"vc_controls\">UNCODE.initRow(document.getElementById(\"row-unique-6\"));<\/script><\/div><\/div><\/div>\n<\/div>","protected":false},"excerpt":{"rendered":"Last updated: January 1, 2026 ESG Policies Carbon Footprint Reduction We offer gold with ZERO emissions; CO2-neutral gold. This means [...]","protected":false},"author":2,"featured_media":0,"parent":0,"menu_order":0,"comment_status":"closed","ping_status":"closed","template":"","meta":{"_acf_changed":false,"footnotes":""},"class_list":["post-79578","page","type-page","status-publish","hentry"],"acf":[],"yoast_head":"<!-- This site is optimized with the Yoast SEO plugin v26.8 - https:\/\/yoast.com\/product\/yoast-seo-wordpress\/ -->\n<title>ESG Policies | Annette Welander<\/title>\n<meta name=\"robots\" content=\"index, follow, max-snippet:-1, max-image-preview:large, max-video-preview:-1\" \/>\n<link rel=\"canonical\" href=\"https:\/\/annettewelander.com\/sv\/esg-policies\/\" \/>\n<meta property=\"og:locale\" content=\"sv_SE\" \/>\n<meta property=\"og:type\" content=\"article\" \/>\n<meta property=\"og:title\" content=\"ESG Policies | Annette Welander\" \/>\n<meta property=\"og:url\" content=\"https:\/\/annettewelander.com\/sv\/esg-policies\/\" \/>\n<meta property=\"og:site_name\" content=\"Annette Welander\" \/>\n<meta property=\"article:publisher\" content=\"https:\/\/www.facebook.com\/AnnetteWelander\/\" \/>\n<meta property=\"article:modified_time\" content=\"2026-02-03T19:00:48+00:00\" \/>\n<meta property=\"og:image\" content=\"https:\/\/annettewelander.com\/wp-content\/uploads\/2020\/06\/5ARCRING-redNODIAMOND-LOW2.jpg\" \/>\n\t<meta property=\"og:image:width\" content=\"1426\" \/>\n\t<meta property=\"og:image:height\" content=\"2000\" \/>\n\t<meta property=\"og:image:type\" content=\"image\/jpeg\" \/>\n<meta name=\"twitter:card\" content=\"summary_large_image\" \/>\n<meta name=\"twitter:site\" content=\"@annettewelander\" \/>\n<meta name=\"twitter:label1\" content=\"Ber\u00e4knad l\u00e4stid\" \/>\n\t<meta name=\"twitter:data1\" content=\"6 minuter\" \/>\n<script type=\"application\/ld+json\" class=\"yoast-schema-graph\">{\"@context\":\"https:\/\/schema.org\",\"@graph\":[{\"@type\":\"WebPage\",\"@id\":\"https:\/\/annettewelander.com\/esg-policies\/\",\"url\":\"https:\/\/annettewelander.com\/esg-policies\/\",\"name\":\"ESG Policies | Annette Welander\",\"isPartOf\":{\"@id\":\"https:\/\/annettewelander.com\/#website\"},\"datePublished\":\"2026-01-30T09:41:28+00:00\",\"dateModified\":\"2026-02-03T19:00:48+00:00\",\"breadcrumb\":{\"@id\":\"https:\/\/annettewelander.com\/esg-policies\/#breadcrumb\"},\"inLanguage\":\"sv-SE\",\"potentialAction\":[{\"@type\":\"ReadAction\",\"target\":[\"https:\/\/annettewelander.com\/esg-policies\/\"]}]},{\"@type\":\"BreadcrumbList\",\"@id\":\"https:\/\/annettewelander.com\/esg-policies\/#breadcrumb\",\"itemListElement\":[{\"@type\":\"ListItem\",\"position\":1,\"name\":\"Home\",\"item\":\"https:\/\/annettewelander.com\/\"},{\"@type\":\"ListItem\",\"position\":2,\"name\":\"ESG Policies\"}]},{\"@type\":\"WebSite\",\"@id\":\"https:\/\/annettewelander.com\/#website\",\"url\":\"https:\/\/annettewelander.com\/\",\"name\":\"Annette Welander\",\"description\":\"Contemporary Jewellery House\",\"publisher\":{\"@id\":\"https:\/\/annettewelander.com\/#organization\"},\"potentialAction\":[{\"@type\":\"SearchAction\",\"target\":{\"@type\":\"EntryPoint\",\"urlTemplate\":\"https:\/\/annettewelander.com\/?s={search_term_string}\"},\"query-input\":{\"@type\":\"PropertyValueSpecification\",\"valueRequired\":true,\"valueName\":\"search_term_string\"}}],\"inLanguage\":\"sv-SE\"},{\"@type\":\"Organization\",\"@id\":\"https:\/\/annettewelander.com\/#organization\",\"name\":\"Annette Welander\",\"url\":\"https:\/\/annettewelander.com\/\",\"logo\":{\"@type\":\"ImageObject\",\"inLanguage\":\"sv-SE\",\"@id\":\"https:\/\/annettewelander.com\/#\/schema\/logo\/image\/\",\"url\":\"https:\/\/annettewelander.com\/wp-content\/uploads\/2018\/08\/cropped-logobrowser.png\",\"contentUrl\":\"https:\/\/annettewelander.com\/wp-content\/uploads\/2018\/08\/cropped-logobrowser.png\",\"width\":512,\"height\":512,\"caption\":\"Annette Welander\"},\"image\":{\"@id\":\"https:\/\/annettewelander.com\/#\/schema\/logo\/image\/\"},\"sameAs\":[\"https:\/\/www.facebook.com\/AnnetteWelander\/\",\"https:\/\/x.com\/annettewelander\",\"https:\/\/www.instagram.com\/annettewelander\/\",\"https:\/\/www.pinterest.com\/annettewelander\/\",\"https:\/\/www.youtube.com\/channel\/UCee4klz8DKIvg_ZHMB0_yDA\",\"https:\/\/annettewelander.tumblr.com\"]}]}<\/script>\n<!-- \/ Yoast SEO plugin. -->","yoast_head_json":{"title":"ESG Policies | Annette Welander","robots":{"index":"index","follow":"follow","max-snippet":"max-snippet:-1","max-image-preview":"max-image-preview:large","max-video-preview":"max-video-preview:-1"},"canonical":"https:\/\/annettewelander.com\/sv\/esg-policies\/","og_locale":"sv_SE","og_type":"article","og_title":"ESG Policies | Annette Welander","og_url":"https:\/\/annettewelander.com\/sv\/esg-policies\/","og_site_name":"Annette Welander","article_publisher":"https:\/\/www.facebook.com\/AnnetteWelander\/","article_modified_time":"2026-02-03T19:00:48+00:00","og_image":[{"width":1426,"height":2000,"url":"https:\/\/annettewelander.com\/wp-content\/uploads\/2020\/06\/5ARCRING-redNODIAMOND-LOW2.jpg","type":"image\/jpeg"}],"twitter_card":"summary_large_image","twitter_site":"@annettewelander","twitter_misc":{"Ber\u00e4knad l\u00e4stid":"6 minuter"},"schema":{"@context":"https:\/\/schema.org","@graph":[{"@type":"WebPage","@id":"https:\/\/annettewelander.com\/esg-policies\/","url":"https:\/\/annettewelander.com\/esg-policies\/","name":"ESG Policies | Annette Welander","isPartOf":{"@id":"https:\/\/annettewelander.com\/#website"},"datePublished":"2026-01-30T09:41:28+00:00","dateModified":"2026-02-03T19:00:48+00:00","breadcrumb":{"@id":"https:\/\/annettewelander.com\/esg-policies\/#breadcrumb"},"inLanguage":"sv-SE","potentialAction":[{"@type":"ReadAction","target":["https:\/\/annettewelander.com\/esg-policies\/"]}]},{"@type":"BreadcrumbList","@id":"https:\/\/annettewelander.com\/esg-policies\/#breadcrumb","itemListElement":[{"@type":"ListItem","position":1,"name":"Home","item":"https:\/\/annettewelander.com\/"},{"@type":"ListItem","position":2,"name":"ESG Policies"}]},{"@type":"WebSite","@id":"https:\/\/annettewelander.com\/#website","url":"https:\/\/annettewelander.com\/","name":"Annette Welander","description":"Contemporary Jewellery House","publisher":{"@id":"https:\/\/annettewelander.com\/#organization"},"potentialAction":[{"@type":"SearchAction","target":{"@type":"EntryPoint","urlTemplate":"https:\/\/annettewelander.com\/?s={search_term_string}"},"query-input":{"@type":"PropertyValueSpecification","valueRequired":true,"valueName":"search_term_string"}}],"inLanguage":"sv-SE"},{"@type":"Organization","@id":"https:\/\/annettewelander.com\/#organization","name":"Annette Welander","url":"https:\/\/annettewelander.com\/","logo":{"@type":"ImageObject","inLanguage":"sv-SE","@id":"https:\/\/annettewelander.com\/#\/schema\/logo\/image\/","url":"https:\/\/annettewelander.com\/wp-content\/uploads\/2018\/08\/cropped-logobrowser.png","contentUrl":"https:\/\/annettewelander.com\/wp-content\/uploads\/2018\/08\/cropped-logobrowser.png","width":512,"height":512,"caption":"Annette Welander"},"image":{"@id":"https:\/\/annettewelander.com\/#\/schema\/logo\/image\/"},"sameAs":["https:\/\/www.facebook.com\/AnnetteWelander\/","https:\/\/x.com\/annettewelander","https:\/\/www.instagram.com\/annettewelander\/","https:\/\/www.pinterest.com\/annettewelander\/","https:\/\/www.youtube.com\/channel\/UCee4klz8DKIvg_ZHMB0_yDA","https:\/\/annettewelander.tumblr.com"]}]}},"_links":{"self":[{"href":"https:\/\/annettewelander.com\/sv\/wp-json\/wp\/v2\/pages\/79578","targetHints":{"allow":["GET"]}}],"collection":[{"href":"https:\/\/annettewelander.com\/sv\/wp-json\/wp\/v2\/pages"}],"about":[{"href":"https:\/\/annettewelander.com\/sv\/wp-json\/wp\/v2\/types\/page"}],"author":[{"embeddable":true,"href":"https:\/\/annettewelander.com\/sv\/wp-json\/wp\/v2\/users\/2"}],"replies":[{"embeddable":true,"href":"https:\/\/annettewelander.com\/sv\/wp-json\/wp\/v2\/comments?post=79578"}],"version-history":[{"count":14,"href":"https:\/\/annettewelander.com\/sv\/wp-json\/wp\/v2\/pages\/79578\/revisions"}],"predecessor-version":[{"id":79669,"href":"https:\/\/annettewelander.com\/sv\/wp-json\/wp\/v2\/pages\/79578\/revisions\/79669"}],"wp:attachment":[{"href":"https:\/\/annettewelander.com\/sv\/wp-json\/wp\/v2\/media?parent=79578"}],"curies":[{"name":"wp","href":"https:\/\/api.w.org\/{rel}","templated":true}]}}