{"id":78727,"date":"2024-07-10T09:57:33","date_gmt":"2024-07-10T07:57:33","guid":{"rendered":"https:\/\/annettewelander.com\/?page_id=78727"},"modified":"2025-02-07T16:36:28","modified_gmt":"2025-02-07T15:36:28","slug":"inspirational-voices","status":"publish","type":"page","link":"https:\/\/annettewelander.com\/sv\/inspirational-voices\/","title":{"rendered":"Inspirerande r\u00f6ster"},"content":{"rendered":"<div class=\"wpb-content-wrapper\"><div data-parent=\"true\" class=\"vc_row row-container boomapps_vcrow\" id=\"row-unique-0\"><div class=\"row limit-width row-parent\"><div class=\"wpb_row row-inner\"><div class=\"wpb_column pos-top pos-center align_left column_parent col-lg-2 boomapps_vccolumn single-internal-gutter\"><div class=\"uncol style-light\"  ><div class=\"uncoltable\"><div class=\"uncell  boomapps_vccolumn no-block-padding\" ><div class=\"uncont\" ><\/div><\/div><\/div><\/div><\/div><div class=\"wpb_column pos-top pos-center align_center column_parent col-lg-8 boomapps_vccolumn single-internal-gutter\"><div class=\"uncol style-light\"  ><div class=\"uncoltable\"><div class=\"uncell  boomapps_vccolumn no-block-padding\" ><div class=\"uncont\" ><div class=\"vc_custom_heading_wrap center-block\"><div class=\"heading-text el-text\" ><h2 class=\"font-762333 h2 font-weight-200\" ><span>Inspirerande r\u00f6ster<\/span><\/h2><\/div><div class=\"clear\"><\/div><\/div><div class=\"uncode_text_column\" ><\/p>\n<p style=\"text-align: center;\">Inspirational Voices \u00e4r en plattform som lyfter och inspirerar kvinnor. I denna nya intervjuserie delar vi med oss av autentiska ber\u00e4ttelser fr\u00e5n n\u00e5gra av de fantastiska kvinnor vi m\u00f6tt. Vi har bett inspirerande yrkesverksamma fr\u00e5n hela v\u00e4rlden, med olika bakgrunder och fr\u00e5n skilda branscher, att ber\u00e4tta sin historia med egna ord. Det som f\u00f6renar dem \u00e4r deras passion f\u00f6r sitt arbete, deras sj\u00e4lvf\u00f6rtroende och en gemensam vision f\u00f6r arv, design, konst, arkitektur och genuint hantverk.<\/p>\n<p>&nbsp;<\/p>\n<p style=\"text-align: center;\"><em>Hitta Inspirational Voices online och i utvalda butiker.<\/em><\/p>\n<p>\n<\/div><span class=\"btn-container\" ><a href=\"https:\/\/annettewelander.com\/sv\/produkt\/inspirational-voices-book\/\" class=\"custom-link btn btn-sm border-width-0 center btn-color-jevc btn-icon-left\">Purchase<\/a><\/span><div class=\"uncode-single-media  text-left\"><div class=\"single-wrapper\" style=\"max-width: 100%;\"><div class=\"tmb tmb-light  tmb-media-first tmb-media-last tmb-content-overlay tmb-no-bg\"><div class=\"t-inside\"><div class=\"t-entry-visual\"><div class=\"t-entry-visual-tc\"><div class=\"uncode-single-media-wrapper\"><img decoding=\"async\" class=\"wp-image-78730\" src=\"https:\/\/annettewelander.com\/wp-content\/uploads\/2024\/07\/AW_Voices_cover.jpg\" width=\"1000\" height=\"658\" alt=\"\" srcset=\"https:\/\/annettewelander.com\/wp-content\/uploads\/2024\/07\/AW_Voices_cover.jpg 1000w, https:\/\/annettewelander.com\/wp-content\/uploads\/2024\/07\/AW_Voices_cover-500x329.jpg 500w, https:\/\/annettewelander.com\/wp-content\/uploads\/2024\/07\/AW_Voices_cover-768x505.jpg 768w, https:\/\/annettewelander.com\/wp-content\/uploads\/2024\/07\/AW_Voices_cover-350x230.jpg 350w, https:\/\/annettewelander.com\/wp-content\/uploads\/2024\/07\/AW_Voices_cover-300x197.jpg 300w\" sizes=\"(max-width: 1000px) 100vw, 1000px\" \/><\/div>\n\t\t\t\t\t<\/div>\n\t\t\t\t<\/div><\/div><\/div><\/div><\/div><div class=\"uncode-single-media  text-left\"><div class=\"single-wrapper\" style=\"max-width: 100%;\"><div class=\"tmb tmb-light  tmb-media-first tmb-media-last tmb-content-overlay tmb-no-bg\"><div class=\"t-inside\"><div class=\"t-entry-visual\"><div class=\"t-entry-visual-tc\"><div class=\"uncode-single-media-wrapper\"><img decoding=\"async\" class=\"wp-image-78732\" src=\"https:\/\/annettewelander.com\/wp-content\/uploads\/2024\/07\/AW_Voices_Agnes.jpg\" width=\"1000\" height=\"694\" alt=\"\" srcset=\"https:\/\/annettewelander.com\/wp-content\/uploads\/2024\/07\/AW_Voices_Agnes.jpg 1000w, https:\/\/annettewelander.com\/wp-content\/uploads\/2024\/07\/AW_Voices_Agnes-500x347.jpg 500w, https:\/\/annettewelander.com\/wp-content\/uploads\/2024\/07\/AW_Voices_Agnes-768x533.jpg 768w, https:\/\/annettewelander.com\/wp-content\/uploads\/2024\/07\/AW_Voices_Agnes-350x243.jpg 350w, https:\/\/annettewelander.com\/wp-content\/uploads\/2024\/07\/AW_Voices_Agnes-300x208.jpg 300w\" sizes=\"(max-width: 1000px) 100vw, 1000px\" \/><\/div>\n\t\t\t\t\t<\/div>\n\t\t\t\t<\/div><\/div><\/div><\/div><\/div><div class=\"uncode-single-media  text-left\"><div class=\"single-wrapper\" style=\"max-width: 100%;\"><div class=\"tmb tmb-light  tmb-media-first tmb-media-last tmb-content-overlay tmb-no-bg\"><div class=\"t-inside\"><div class=\"t-entry-visual\"><div class=\"t-entry-visual-tc\"><div class=\"uncode-single-media-wrapper\"><img decoding=\"async\" class=\"wp-image-78875\" src=\"https:\/\/annettewelander.com\/wp-content\/uploads\/2024\/12\/AW_www_citat_Agnes_241212.png\" width=\"1000\" height=\"600\" alt=\"\" srcset=\"https:\/\/annettewelander.com\/wp-content\/uploads\/2024\/12\/AW_www_citat_Agnes_241212.png 1000w, https:\/\/annettewelander.com\/wp-content\/uploads\/2024\/12\/AW_www_citat_Agnes_241212-500x300.png 500w, https:\/\/annettewelander.com\/wp-content\/uploads\/2024\/12\/AW_www_citat_Agnes_241212-768x461.png 768w, https:\/\/annettewelander.com\/wp-content\/uploads\/2024\/12\/AW_www_citat_Agnes_241212-350x210.png 350w, https:\/\/annettewelander.com\/wp-content\/uploads\/2024\/12\/AW_www_citat_Agnes_241212-300x180.png 300w\" sizes=\"(max-width: 1000px) 100vw, 1000px\" \/><\/div>\n\t\t\t\t\t<\/div>\n\t\t\t\t<\/div><\/div><\/div><\/div><\/div><div class=\"uncode-single-media  text-left\"><div class=\"single-wrapper\" style=\"max-width: 100%;\"><div class=\"tmb tmb-light  tmb-media-first tmb-media-last tmb-content-overlay tmb-no-bg\"><div class=\"t-inside\"><div class=\"t-entry-visual\"><div class=\"t-entry-visual-tc\"><div class=\"uncode-single-media-wrapper\"><img decoding=\"async\" class=\"wp-image-78772\" src=\"https:\/\/annettewelander.com\/wp-content\/uploads\/2024\/07\/Mockup_A4_Brochure_Ying2.jpg\" width=\"1280\" height=\"888\" alt=\"\" srcset=\"https:\/\/annettewelander.com\/wp-content\/uploads\/2024\/07\/Mockup_A4_Brochure_Ying2.jpg 1280w, https:\/\/annettewelander.com\/wp-content\/uploads\/2024\/07\/Mockup_A4_Brochure_Ying2-500x347.jpg 500w, https:\/\/annettewelander.com\/wp-content\/uploads\/2024\/07\/Mockup_A4_Brochure_Ying2-1024x710.jpg 1024w, https:\/\/annettewelander.com\/wp-content\/uploads\/2024\/07\/Mockup_A4_Brochure_Ying2-768x533.jpg 768w, https:\/\/annettewelander.com\/wp-content\/uploads\/2024\/07\/Mockup_A4_Brochure_Ying2-350x243.jpg 350w, https:\/\/annettewelander.com\/wp-content\/uploads\/2024\/07\/Mockup_A4_Brochure_Ying2-300x208.jpg 300w\" sizes=\"(max-width: 1280px) 100vw, 1280px\" \/><\/div>\n\t\t\t\t\t<\/div>\n\t\t\t\t<\/div><\/div><\/div><\/div><\/div><div class=\"uncode-single-media  text-left\"><div class=\"single-wrapper\" style=\"max-width: 100%;\"><div class=\"tmb tmb-light  tmb-media-first tmb-media-last tmb-content-overlay tmb-no-bg\"><div class=\"t-inside\"><div class=\"t-entry-visual\"><div class=\"t-entry-visual-tc\"><div class=\"uncode-single-media-wrapper\"><img decoding=\"async\" class=\"wp-image-78874\" src=\"https:\/\/annettewelander.com\/wp-content\/uploads\/2024\/12\/AW_www_citat_Ying_241212-1.png\" width=\"1000\" height=\"600\" alt=\"\" srcset=\"https:\/\/annettewelander.com\/wp-content\/uploads\/2024\/12\/AW_www_citat_Ying_241212-1.png 1000w, https:\/\/annettewelander.com\/wp-content\/uploads\/2024\/12\/AW_www_citat_Ying_241212-1-500x300.png 500w, https:\/\/annettewelander.com\/wp-content\/uploads\/2024\/12\/AW_www_citat_Ying_241212-1-768x461.png 768w, https:\/\/annettewelander.com\/wp-content\/uploads\/2024\/12\/AW_www_citat_Ying_241212-1-350x210.png 350w, https:\/\/annettewelander.com\/wp-content\/uploads\/2024\/12\/AW_www_citat_Ying_241212-1-300x180.png 300w\" sizes=\"(max-width: 1000px) 100vw, 1000px\" \/><\/div>\n\t\t\t\t\t<\/div>\n\t\t\t\t<\/div><\/div><\/div><\/div><\/div><div class=\"uncode-single-media  text-left\"><div class=\"single-wrapper\" style=\"max-width: 100%;\"><div class=\"tmb tmb-light  tmb-media-first tmb-media-last tmb-content-overlay tmb-no-bg\"><div class=\"t-inside\"><div class=\"t-entry-visual\"><div class=\"t-entry-visual-tc\"><div class=\"uncode-single-media-wrapper\"><img decoding=\"async\" class=\"wp-image-78785\" src=\"https:\/\/annettewelander.com\/wp-content\/uploads\/2024\/10\/Mockup_A4_Brochure_Clara1.png\" width=\"2800\" height=\"1944\" alt=\"\" srcset=\"https:\/\/annettewelander.com\/wp-content\/uploads\/2024\/10\/Mockup_A4_Brochure_Clara1.png 2800w, https:\/\/annettewelander.com\/wp-content\/uploads\/2024\/10\/Mockup_A4_Brochure_Clara1-500x347.png 500w, https:\/\/annettewelander.com\/wp-content\/uploads\/2024\/10\/Mockup_A4_Brochure_Clara1-1024x711.png 1024w, https:\/\/annettewelander.com\/wp-content\/uploads\/2024\/10\/Mockup_A4_Brochure_Clara1-768x533.png 768w, https:\/\/annettewelander.com\/wp-content\/uploads\/2024\/10\/Mockup_A4_Brochure_Clara1-1536x1066.png 1536w, https:\/\/annettewelander.com\/wp-content\/uploads\/2024\/10\/Mockup_A4_Brochure_Clara1-2048x1422.png 2048w, https:\/\/annettewelander.com\/wp-content\/uploads\/2024\/10\/Mockup_A4_Brochure_Clara1-350x243.png 350w, https:\/\/annettewelander.com\/wp-content\/uploads\/2024\/10\/Mockup_A4_Brochure_Clara1-300x208.png 300w\" sizes=\"(max-width: 2800px) 100vw, 2800px\" \/><\/div>\n\t\t\t\t\t<\/div>\n\t\t\t\t<\/div><\/div><\/div><\/div><\/div><div class=\"uncode-single-media  text-left\"><div class=\"single-wrapper\" style=\"max-width: 100%;\"><div class=\"tmb tmb-light  tmb-media-first tmb-media-last tmb-content-overlay tmb-no-bg\"><div class=\"t-inside\"><div class=\"t-entry-visual\"><div class=\"t-entry-visual-tc\"><div class=\"uncode-single-media-wrapper\"><img decoding=\"async\" class=\"wp-image-78873\" src=\"https:\/\/annettewelander.com\/wp-content\/uploads\/2024\/12\/AW_www_citat_Clara_241212.png\" width=\"1000\" height=\"600\" alt=\"\" srcset=\"https:\/\/annettewelander.com\/wp-content\/uploads\/2024\/12\/AW_www_citat_Clara_241212.png 1000w, https:\/\/annettewelander.com\/wp-content\/uploads\/2024\/12\/AW_www_citat_Clara_241212-500x300.png 500w, https:\/\/annettewelander.com\/wp-content\/uploads\/2024\/12\/AW_www_citat_Clara_241212-768x461.png 768w, https:\/\/annettewelander.com\/wp-content\/uploads\/2024\/12\/AW_www_citat_Clara_241212-350x210.png 350w, https:\/\/annettewelander.com\/wp-content\/uploads\/2024\/12\/AW_www_citat_Clara_241212-300x180.png 300w\" sizes=\"(max-width: 1000px) 100vw, 1000px\" \/><\/div>\n\t\t\t\t\t<\/div>\n\t\t\t\t<\/div><\/div><\/div><\/div><\/div><div class=\"uncode-single-media  text-left\"><div class=\"single-wrapper\" style=\"max-width: 100%;\"><div class=\"tmb tmb-light  tmb-media-first tmb-media-last tmb-content-overlay tmb-no-bg\"><div class=\"t-inside\"><div class=\"t-entry-visual\"><div class=\"t-entry-visual-tc\"><div class=\"uncode-single-media-wrapper\"><img decoding=\"async\" class=\"wp-image-78932\" src=\"https:\/\/annettewelander.com\/wp-content\/uploads\/2025\/01\/Mockup_A4_Brochure_Florence.png\" width=\"2800\" height=\"1944\" alt=\"\" srcset=\"https:\/\/annettewelander.com\/wp-content\/uploads\/2025\/01\/Mockup_A4_Brochure_Florence.png 2800w, https:\/\/annettewelander.com\/wp-content\/uploads\/2025\/01\/Mockup_A4_Brochure_Florence-500x347.png 500w, https:\/\/annettewelander.com\/wp-content\/uploads\/2025\/01\/Mockup_A4_Brochure_Florence-1024x711.png 1024w, https:\/\/annettewelander.com\/wp-content\/uploads\/2025\/01\/Mockup_A4_Brochure_Florence-768x533.png 768w, https:\/\/annettewelander.com\/wp-content\/uploads\/2025\/01\/Mockup_A4_Brochure_Florence-1536x1066.png 1536w, https:\/\/annettewelander.com\/wp-content\/uploads\/2025\/01\/Mockup_A4_Brochure_Florence-2048x1422.png 2048w, https:\/\/annettewelander.com\/wp-content\/uploads\/2025\/01\/Mockup_A4_Brochure_Florence-350x243.png 350w, https:\/\/annettewelander.com\/wp-content\/uploads\/2025\/01\/Mockup_A4_Brochure_Florence-300x208.png 300w\" sizes=\"(max-width: 2800px) 100vw, 2800px\" \/><\/div>\n\t\t\t\t\t<\/div>\n\t\t\t\t<\/div><\/div><\/div><\/div><\/div><div class=\"uncode-single-media  text-left\"><div class=\"single-wrapper\" style=\"max-width: 100%;\"><div class=\"tmb tmb-light  tmb-media-first tmb-media-last tmb-content-overlay tmb-no-bg\"><div class=\"t-inside\"><div class=\"t-entry-visual\"><div class=\"t-entry-visual-tc\"><div class=\"uncode-single-media-wrapper\"><img decoding=\"async\" class=\"wp-image-78933\" src=\"https:\/\/annettewelander.com\/wp-content\/uploads\/2025\/01\/AW_www_citat_Florence_250130.png\" width=\"1000\" height=\"600\" alt=\"\" srcset=\"https:\/\/annettewelander.com\/wp-content\/uploads\/2025\/01\/AW_www_citat_Florence_250130.png 1000w, https:\/\/annettewelander.com\/wp-content\/uploads\/2025\/01\/AW_www_citat_Florence_250130-500x300.png 500w, https:\/\/annettewelander.com\/wp-content\/uploads\/2025\/01\/AW_www_citat_Florence_250130-768x461.png 768w, https:\/\/annettewelander.com\/wp-content\/uploads\/2025\/01\/AW_www_citat_Florence_250130-350x210.png 350w, https:\/\/annettewelander.com\/wp-content\/uploads\/2025\/01\/AW_www_citat_Florence_250130-300x180.png 300w\" sizes=\"(max-width: 1000px) 100vw, 1000px\" \/><\/div>\n\t\t\t\t\t<\/div>\n\t\t\t\t<\/div><\/div><\/div><\/div><\/div><\/div><\/div><\/div><\/div><\/div><div class=\"wpb_column pos-top pos-center align_left column_parent col-lg-2 boomapps_vccolumn single-internal-gutter\"><div class=\"uncol style-light\"  ><div class=\"uncoltable\"><div class=\"uncell  boomapps_vccolumn no-block-padding\" ><div class=\"uncont\" ><\/div><\/div><\/div><\/div><\/div><script id=\"script-row-unique-0\" data-row=\"script-row-unique-0\" type=\"text\/javascript\" class=\"vc_controls\">UNCODE.initRow(document.getElementById(\"row-unique-0\"));<\/script><\/div><\/div><\/div>\n<\/div>","protected":false},"excerpt":{"rendered":"Inspirational voicesInspirational Voices is a platform to inspire and champion women.\u00a0In this new series of interviews, we want to\u00a0share the\u00a0authentic\u00a0voices\u00a0of [...]","protected":false},"author":2,"featured_media":0,"parent":0,"menu_order":0,"comment_status":"closed","ping_status":"closed","template":"","meta":{"_acf_changed":false,"footnotes":""},"class_list":["post-78727","page","type-page","status-publish","hentry"],"acf":[],"yoast_head":"<!-- This site is optimized with the Yoast SEO plugin v26.8 - https:\/\/yoast.com\/product\/yoast-seo-wordpress\/ -->\n<title>Inspirational voices | Annette Welander<\/title>\n<meta name=\"robots\" content=\"index, follow, max-snippet:-1, max-image-preview:large, max-video-preview:-1\" \/>\n<link rel=\"canonical\" href=\"https:\/\/annettewelander.com\/sv\/inspirational-voices\/\" \/>\n<meta property=\"og:locale\" content=\"sv_SE\" \/>\n<meta property=\"og:type\" content=\"article\" \/>\n<meta property=\"og:title\" content=\"Inspirational voices | Annette Welander\" \/>\n<meta property=\"og:url\" content=\"https:\/\/annettewelander.com\/sv\/inspirational-voices\/\" \/>\n<meta property=\"og:site_name\" content=\"Annette Welander\" \/>\n<meta property=\"article:publisher\" content=\"https:\/\/www.facebook.com\/AnnetteWelander\/\" \/>\n<meta property=\"article:modified_time\" content=\"2025-02-07T15:36:28+00:00\" \/>\n<meta property=\"og:image\" content=\"https:\/\/annettewelander.com\/wp-content\/uploads\/2020\/06\/5ARCRING-redNODIAMOND-LOW2.jpg\" \/>\n\t<meta property=\"og:image:width\" content=\"1426\" \/>\n\t<meta property=\"og:image:height\" content=\"2000\" \/>\n\t<meta property=\"og:image:type\" content=\"image\/jpeg\" \/>\n<meta name=\"twitter:card\" content=\"summary_large_image\" \/>\n<meta name=\"twitter:site\" content=\"@annettewelander\" \/>\n<meta name=\"twitter:label1\" content=\"Ber\u00e4knad l\u00e4stid\" \/>\n\t<meta name=\"twitter:data1\" content=\"1 minut\" \/>\n<script type=\"application\/ld+json\" class=\"yoast-schema-graph\">{\"@context\":\"https:\/\/schema.org\",\"@graph\":[{\"@type\":\"WebPage\",\"@id\":\"https:\/\/annettewelander.com\/inspirational-voices\/\",\"url\":\"https:\/\/annettewelander.com\/inspirational-voices\/\",\"name\":\"Inspirational voices | Annette Welander\",\"isPartOf\":{\"@id\":\"https:\/\/annettewelander.com\/#website\"},\"datePublished\":\"2024-07-10T07:57:33+00:00\",\"dateModified\":\"2025-02-07T15:36:28+00:00\",\"breadcrumb\":{\"@id\":\"https:\/\/annettewelander.com\/inspirational-voices\/#breadcrumb\"},\"inLanguage\":\"sv-SE\",\"potentialAction\":[{\"@type\":\"ReadAction\",\"target\":[\"https:\/\/annettewelander.com\/inspirational-voices\/\"]}]},{\"@type\":\"BreadcrumbList\",\"@id\":\"https:\/\/annettewelander.com\/inspirational-voices\/#breadcrumb\",\"itemListElement\":[{\"@type\":\"ListItem\",\"position\":1,\"name\":\"Home\",\"item\":\"https:\/\/annettewelander.com\/\"},{\"@type\":\"ListItem\",\"position\":2,\"name\":\"Inspirational voices\"}]},{\"@type\":\"WebSite\",\"@id\":\"https:\/\/annettewelander.com\/#website\",\"url\":\"https:\/\/annettewelander.com\/\",\"name\":\"Annette Welander\",\"description\":\"Contemporary Jewellery House\",\"publisher\":{\"@id\":\"https:\/\/annettewelander.com\/#organization\"},\"potentialAction\":[{\"@type\":\"SearchAction\",\"target\":{\"@type\":\"EntryPoint\",\"urlTemplate\":\"https:\/\/annettewelander.com\/?s={search_term_string}\"},\"query-input\":{\"@type\":\"PropertyValueSpecification\",\"valueRequired\":true,\"valueName\":\"search_term_string\"}}],\"inLanguage\":\"sv-SE\"},{\"@type\":\"Organization\",\"@id\":\"https:\/\/annettewelander.com\/#organization\",\"name\":\"Annette Welander\",\"url\":\"https:\/\/annettewelander.com\/\",\"logo\":{\"@type\":\"ImageObject\",\"inLanguage\":\"sv-SE\",\"@id\":\"https:\/\/annettewelander.com\/#\/schema\/logo\/image\/\",\"url\":\"https:\/\/annettewelander.com\/wp-content\/uploads\/2018\/08\/cropped-logobrowser.png\",\"contentUrl\":\"https:\/\/annettewelander.com\/wp-content\/uploads\/2018\/08\/cropped-logobrowser.png\",\"width\":512,\"height\":512,\"caption\":\"Annette Welander\"},\"image\":{\"@id\":\"https:\/\/annettewelander.com\/#\/schema\/logo\/image\/\"},\"sameAs\":[\"https:\/\/www.facebook.com\/AnnetteWelander\/\",\"https:\/\/x.com\/annettewelander\",\"https:\/\/www.instagram.com\/annettewelander\/\",\"https:\/\/www.pinterest.com\/annettewelander\/\",\"https:\/\/www.youtube.com\/channel\/UCee4klz8DKIvg_ZHMB0_yDA\",\"https:\/\/annettewelander.tumblr.com\"]}]}<\/script>\n<!-- \/ Yoast SEO plugin. -->","yoast_head_json":{"title":"Inspirational voices | Annette Welander","robots":{"index":"index","follow":"follow","max-snippet":"max-snippet:-1","max-image-preview":"max-image-preview:large","max-video-preview":"max-video-preview:-1"},"canonical":"https:\/\/annettewelander.com\/sv\/inspirational-voices\/","og_locale":"sv_SE","og_type":"article","og_title":"Inspirational voices | Annette Welander","og_url":"https:\/\/annettewelander.com\/sv\/inspirational-voices\/","og_site_name":"Annette Welander","article_publisher":"https:\/\/www.facebook.com\/AnnetteWelander\/","article_modified_time":"2025-02-07T15:36:28+00:00","og_image":[{"width":1426,"height":2000,"url":"https:\/\/annettewelander.com\/wp-content\/uploads\/2020\/06\/5ARCRING-redNODIAMOND-LOW2.jpg","type":"image\/jpeg"}],"twitter_card":"summary_large_image","twitter_site":"@annettewelander","twitter_misc":{"Ber\u00e4knad l\u00e4stid":"1 minut"},"schema":{"@context":"https:\/\/schema.org","@graph":[{"@type":"WebPage","@id":"https:\/\/annettewelander.com\/inspirational-voices\/","url":"https:\/\/annettewelander.com\/inspirational-voices\/","name":"Inspirational voices | Annette Welander","isPartOf":{"@id":"https:\/\/annettewelander.com\/#website"},"datePublished":"2024-07-10T07:57:33+00:00","dateModified":"2025-02-07T15:36:28+00:00","breadcrumb":{"@id":"https:\/\/annettewelander.com\/inspirational-voices\/#breadcrumb"},"inLanguage":"sv-SE","potentialAction":[{"@type":"ReadAction","target":["https:\/\/annettewelander.com\/inspirational-voices\/"]}]},{"@type":"BreadcrumbList","@id":"https:\/\/annettewelander.com\/inspirational-voices\/#breadcrumb","itemListElement":[{"@type":"ListItem","position":1,"name":"Home","item":"https:\/\/annettewelander.com\/"},{"@type":"ListItem","position":2,"name":"Inspirational voices"}]},{"@type":"WebSite","@id":"https:\/\/annettewelander.com\/#website","url":"https:\/\/annettewelander.com\/","name":"Annette Welander","description":"Contemporary Jewellery House","publisher":{"@id":"https:\/\/annettewelander.com\/#organization"},"potentialAction":[{"@type":"SearchAction","target":{"@type":"EntryPoint","urlTemplate":"https:\/\/annettewelander.com\/?s={search_term_string}"},"query-input":{"@type":"PropertyValueSpecification","valueRequired":true,"valueName":"search_term_string"}}],"inLanguage":"sv-SE"},{"@type":"Organization","@id":"https:\/\/annettewelander.com\/#organization","name":"Annette Welander","url":"https:\/\/annettewelander.com\/","logo":{"@type":"ImageObject","inLanguage":"sv-SE","@id":"https:\/\/annettewelander.com\/#\/schema\/logo\/image\/","url":"https:\/\/annettewelander.com\/wp-content\/uploads\/2018\/08\/cropped-logobrowser.png","contentUrl":"https:\/\/annettewelander.com\/wp-content\/uploads\/2018\/08\/cropped-logobrowser.png","width":512,"height":512,"caption":"Annette Welander"},"image":{"@id":"https:\/\/annettewelander.com\/#\/schema\/logo\/image\/"},"sameAs":["https:\/\/www.facebook.com\/AnnetteWelander\/","https:\/\/x.com\/annettewelander","https:\/\/www.instagram.com\/annettewelander\/","https:\/\/www.pinterest.com\/annettewelander\/","https:\/\/www.youtube.com\/channel\/UCee4klz8DKIvg_ZHMB0_yDA","https:\/\/annettewelander.tumblr.com"]}]}},"_links":{"self":[{"href":"https:\/\/annettewelander.com\/sv\/wp-json\/wp\/v2\/pages\/78727","targetHints":{"allow":["GET"]}}],"collection":[{"href":"https:\/\/annettewelander.com\/sv\/wp-json\/wp\/v2\/pages"}],"about":[{"href":"https:\/\/annettewelander.com\/sv\/wp-json\/wp\/v2\/types\/page"}],"author":[{"embeddable":true,"href":"https:\/\/annettewelander.com\/sv\/wp-json\/wp\/v2\/users\/2"}],"replies":[{"embeddable":true,"href":"https:\/\/annettewelander.com\/sv\/wp-json\/wp\/v2\/comments?post=78727"}],"version-history":[{"count":39,"href":"https:\/\/annettewelander.com\/sv\/wp-json\/wp\/v2\/pages\/78727\/revisions"}],"predecessor-version":[{"id":78964,"href":"https:\/\/annettewelander.com\/sv\/wp-json\/wp\/v2\/pages\/78727\/revisions\/78964"}],"wp:attachment":[{"href":"https:\/\/annettewelander.com\/sv\/wp-json\/wp\/v2\/media?parent=78727"}],"curies":[{"name":"wp","href":"https:\/\/api.w.org\/{rel}","templated":true}]}}