{"id":78519,"date":"2023-03-20T07:58:51","date_gmt":"2023-03-20T06:58:51","guid":{"rendered":"https:\/\/annettewelander.com\/?page_id=78519"},"modified":"2025-10-22T13:30:53","modified_gmt":"2025-10-22T11:30:53","slug":"ondulation","status":"publish","type":"page","link":"https:\/\/annettewelander.com\/sv\/ondulation\/","title":{"rendered":"Ondulation"},"content":{"rendered":"<div class=\"wpb-content-wrapper\"><div data-parent=\"true\" class=\"vc_row row-container boomapps_vcrow\" id=\"row-unique-0\"><div class=\"row unequal col-no-gutter single-top-padding single-bottom-padding single-h-padding limit-width row-parent\" data-height-ratio=\"35\"><div class=\"wpb_row row-inner\"><div class=\"wpb_column pos-middle pos-center align_center column_parent col-lg-12 boomapps_vccolumn single-internal-gutter\"><div class=\"uncol style-light\"  ><div class=\"uncoltable\"><div class=\"uncell  boomapps_vccolumn no-block-padding\" ><div class=\"uncont\" ><div class=\"vc_row row-internal row-container boomapps_vcrow\"><div class=\"row row-child\"><div class=\"wpb_row row-inner\"><div class=\"wpb_column pos-top pos-center align_center column_child col-lg-12 boomapps_vccolumn single-internal-gutter\"><div class=\"uncol style-light\" ><div class=\"uncoltable\"><div class=\"uncell  boomapps_vccolumn no-block-padding\" ><div class=\"uncont\" ><div class=\"vc_custom_heading_wrap\"><div class=\"heading-text el-text\" ><h2 class=\"font-762333 h6 fontspace-135905 font-weight-200\" ><span><strong>ONDULATION<\/strong><\/span><\/h2><\/div><div class=\"clear\"><\/div><\/div><\/div><\/div><\/div><\/div><\/div><\/div><\/div><\/div><div class=\"vc_row row-internal row-container boomapps_vcrow\"><div class=\"row row-child\"><div class=\"wpb_row row-inner\"><div class=\"wpb_column pos-middle pos-center align_center column_child col-lg-12 boomapps_vccolumn single-internal-gutter\"><div class=\"uncol style-light\" ><div class=\"uncoltable\"><div class=\"uncell  boomapps_vccolumn no-block-padding\" ><div class=\"uncont\" ><div class=\"vc_custom_heading_wrap\"><div class=\"heading-text el-text\" ><p class=\"h6 fontheight-357766 fontspace-781688 font-weight-300\" ><span>&nbsp;<\/p><\/span><span><p class=\"p1\">Influerat av 1900-talets skandinaviska arkitektur k\u00e4nnetecknas designen i Ondulation kollektionen av kurvlinj\u00e4ra och naturliga former som inspirerar i b\u00e5de struktur och i estetik.<\/p><\/span><span><p class=\"p2\"><span class=\"s1\">The collections is featuring one of the most rare gemstone in the world, the pink diamond. <\/span><span class=\"s2\">Originating from the Argyle Diamond mine in Western Australia,<span class=\"Apple-converted-space\">\u00a0 <\/span>The colour of the diamonds<\/span><span class=\"s1\"> is natural Fancy Pink 4P\u20134PP, Clarity VS-VVS, set in 18K rose gold.<\/span><\/p><\/span><span><p class=\"p2\"><span class=\"s1\">Each piece, according to the house signature, has a hidden diamond.<\/span><\/p><\/span><span><p>&nbsp;<\/p><\/span><span><p>&nbsp;<\/p><\/span><span><p>&nbsp;<\/p><\/span><span><p>&nbsp;<\/span><\/p><\/div><div class=\"clear\"><\/div><\/div><\/div><\/div><\/div><\/div><\/div><\/div><\/div><\/div><\/div><\/div><\/div><\/div><\/div><script id=\"script-row-unique-0\" data-row=\"script-row-unique-0\" type=\"text\/javascript\" class=\"vc_controls\">UNCODE.initRow(document.getElementById(\"row-unique-0\"));<\/script><\/div><\/div><\/div><div data-parent=\"true\" class=\"vc_row row-container boomapps_vcrow\" id=\"row-unique-1\"><div class=\"row single-top-padding no-bottom-padding single-h-padding full-width row-parent\"><div class=\"wpb_row row-inner\"><div class=\"wpb_column pos-top pos-center align_left column_parent col-lg-12 boomapps_vccolumn single-internal-gutter\"><div class=\"uncol style-dark\"  ><div class=\"uncoltable\"><div class=\"uncell  boomapps_vccolumn no-block-padding\" ><div class=\"uncont\" ><div id=\"gallery-111993\" class=\"isotope-system isotope-general-light grid-general-light\">\n\t\t\t\n\t\t\t\t<div class=\"isotope-filters grid-filters menu-container px-gutter  filter-scroll sticky-element filter-typography-light\">\n\t\t\t\t\t<div class=\"menu-horizontal menu-light text-center text-mobile-center\">\n\t\t\t\t\t\t\t\t\t\t\t\t<ul class=\"menu-smart sm text-uppercase menu-smart--filter-cats\">\n\t\t\t\t\t\t\t\t\t\t\t\t\t\t<li class=\"filter-show-all\">\n\t\t\t\t\t\t\t\t<span>\n\t\t\t\t\t\t\t\t\t<a href=\"#\" data-filter=\"*\" class=\"active isotope-nav-link grid-nav-link\">Show all<\/a>\n\t\t\t\t\t\t\t\t\t<\/a>\n\t\t\t\t\t\t\t\t<\/span>\n\t\t\t\t\t\t\t<\/li>\n\t\t\t\t\t\t\t\t\t\t\t\t\t\t\t<li class=\"filter-cat-331 filter-cat\"><span><a href=\"#\" data-filter=\"grid-cat-331\" class=\"isotope-nav-link grid-nav-link\">RINGAR<\/a><\/span><\/li>\n\t\t\t\t\t\t\t\t\t\t\t\t\t\t\t<li class=\"filter-cat-414 filter-cat\"><span><a href=\"#\" data-filter=\"grid-cat-414\" class=\"isotope-nav-link grid-nav-link\">LIMITED EDITION<\/a><\/span><\/li>\n\t\t\t\t\t\t\t\t\t\t\t\t\t<\/ul>\n\t\t\t\t\t<\/div>\n\t\t\t\t<\/div>\n\t\t\t\t\t\t\n\t<div class=\"isotope-wrapper grid-wrapper px-gutter\">\n\t\t\t\t\t\t<div class=\"isotope-container isotope-layout style-masonry\" data-type=\"masonry\" data-layout=\"masonry\" data-lg=\"1000\" data-md=\"600\" data-sm=\"480\">\n<div class=\"tmb tmb-iso-w4 tmb-iso-h4 tmb-light tmb-text-showed tmb-overlay-bottom tmb-overlay-text-center tmb-id-79521  grid-cat-414 tmb-media-first tmb-media-last tmb-content-overlay tmb-no-bg\" ><div class=\"t-inside no-anim\" ><div class=\"t-entry-visual\"><div class=\"t-entry-visual-tc\"><div class=\"t-entry-visual-cont\"><div class=\"dummy\" style=\"padding-top: 100%;\"><\/div><a tabindex=\"-1\" href=\"\" class=\"pushed\" data-lb-index=\"0\"><div class=\"t-entry-visual-overlay\"><div class=\"t-entry-visual-overlay-in style-accent-bg\" style=\"opacity: 0.01;\"><\/div><\/div><div class=\"t-overlay-wrap\"><div class=\"t-overlay-inner\">\n\t\t\t\t\t\t\t\t\t\t\t\t\t\t<div class=\"t-overlay-content\">\n\t\t\t\t\t\t\t\t\t\t\t\t\t\t\t<div class=\"t-overlay-text single-block-padding\"><div class=\"t-entry\"><h3 class=\"t-entry-title font-377884 fontsize-160000 font-weight-700 fontspace-210350 title-scale\">LIMITED EDITION<\/h3><\/div><\/div><\/div><\/div><\/div><img decoding=\"async\" class=\"wp-image-79521\" src=\"https:\/\/annettewelander.com\/wp-content\/uploads\/2025\/10\/AW_Stamp_Limited_Mockup1280.png\" width=\"1280\" height=\"1280\" alt=\"\" srcset=\"https:\/\/annettewelander.com\/wp-content\/uploads\/2025\/10\/AW_Stamp_Limited_Mockup1280.png 1280w, https:\/\/annettewelander.com\/wp-content\/uploads\/2025\/10\/AW_Stamp_Limited_Mockup1280-500x500.png 500w, https:\/\/annettewelander.com\/wp-content\/uploads\/2025\/10\/AW_Stamp_Limited_Mockup1280-1024x1024.png 1024w, https:\/\/annettewelander.com\/wp-content\/uploads\/2025\/10\/AW_Stamp_Limited_Mockup1280-150x150.png 150w, https:\/\/annettewelander.com\/wp-content\/uploads\/2025\/10\/AW_Stamp_Limited_Mockup1280-768x768.png 768w, https:\/\/annettewelander.com\/wp-content\/uploads\/2025\/10\/AW_Stamp_Limited_Mockup1280-12x12.png 12w, https:\/\/annettewelander.com\/wp-content\/uploads\/2025\/10\/AW_Stamp_Limited_Mockup1280-350x350.png 350w, https:\/\/annettewelander.com\/wp-content\/uploads\/2025\/10\/AW_Stamp_Limited_Mockup1280-348x348.png 348w, https:\/\/annettewelander.com\/wp-content\/uploads\/2025\/10\/AW_Stamp_Limited_Mockup1280-300x300.png 300w, https:\/\/annettewelander.com\/wp-content\/uploads\/2025\/10\/AW_Stamp_Limited_Mockup1280-100x100.png 100w\" sizes=\"(max-width: 1280px) 100vw, 1280px\" \/><\/a><\/div>\n\t\t\t\t\t<\/div>\n\t\t\t\t<\/div><\/div><\/div><div class=\"tmb tmb-iso-w4 tmb-iso-h4 tmb-light tmb-text-showed tmb-overlay-bottom tmb-overlay-text-center tmb-id-79511  grid-cat-331 grid-cat-414 tmb-media-first tmb-media-last tmb-content-overlay tmb-no-bg\" ><div class=\"t-inside no-anim\" ><div class=\"t-entry-visual\"><div class=\"t-entry-visual-tc\"><div class=\"t-entry-visual-cont\"><div class=\"dummy\" style=\"padding-top: 100%;\"><\/div><a tabindex=\"-1\" href=\"https:\/\/annettewelander.com\/sv\/produkt\/ondulation-ring\/\" class=\"pushed\" data-lb-index=\"1\"><div class=\"t-entry-visual-overlay\"><div class=\"t-entry-visual-overlay-in style-accent-bg\" style=\"opacity: 0.01;\"><\/div><\/div><div class=\"t-overlay-wrap\"><div class=\"t-overlay-inner\">\n\t\t\t\t\t\t\t\t\t\t\t\t\t\t<div class=\"t-overlay-content\">\n\t\t\t\t\t\t\t\t\t\t\t\t\t\t\t<div class=\"t-overlay-text single-block-padding\"><div class=\"t-entry\"><h3 class=\"t-entry-title font-377884 fontsize-160000 font-weight-700 fontspace-210350 title-scale\">ONDULATION RING<\/h3><p class=\"t-entry-excerpt\">Featuring one of the most rare gemstone in the world, the pink diamond. The colour of the diamonds is natural Fancy Pink 4P\u20134PP, Clarity VS-VVS, set in 18K rose gold.<\/p><\/div><\/div><\/div><\/div><\/div><img decoding=\"async\" class=\"wp-image-79511\" src=\"https:\/\/annettewelander.com\/wp-content\/uploads\/2025\/10\/rosa-_M5A8432-Redigera-2.jpg\" width=\"1280\" height=\"1280\" alt=\"\" srcset=\"https:\/\/annettewelander.com\/wp-content\/uploads\/2025\/10\/rosa-_M5A8432-Redigera-2.jpg 1280w, https:\/\/annettewelander.com\/wp-content\/uploads\/2025\/10\/rosa-_M5A8432-Redigera-2-500x500.jpg 500w, https:\/\/annettewelander.com\/wp-content\/uploads\/2025\/10\/rosa-_M5A8432-Redigera-2-1024x1024.jpg 1024w, https:\/\/annettewelander.com\/wp-content\/uploads\/2025\/10\/rosa-_M5A8432-Redigera-2-150x150.jpg 150w, https:\/\/annettewelander.com\/wp-content\/uploads\/2025\/10\/rosa-_M5A8432-Redigera-2-768x768.jpg 768w, https:\/\/annettewelander.com\/wp-content\/uploads\/2025\/10\/rosa-_M5A8432-Redigera-2-12x12.jpg 12w, https:\/\/annettewelander.com\/wp-content\/uploads\/2025\/10\/rosa-_M5A8432-Redigera-2-350x350.jpg 350w, https:\/\/annettewelander.com\/wp-content\/uploads\/2025\/10\/rosa-_M5A8432-Redigera-2-348x348.jpg 348w, https:\/\/annettewelander.com\/wp-content\/uploads\/2025\/10\/rosa-_M5A8432-Redigera-2-300x300.jpg 300w, https:\/\/annettewelander.com\/wp-content\/uploads\/2025\/10\/rosa-_M5A8432-Redigera-2-100x100.jpg 100w\" sizes=\"(max-width: 1280px) 100vw, 1280px\" \/><\/a><\/div>\n\t\t\t\t\t<\/div>\n\t\t\t\t<\/div><\/div><\/div><div class=\"tmb tmb-iso-w4 tmb-iso-h4 tmb-light tmb-text-showed tmb-overlay-bottom tmb-overlay-text-center tmb-id-79510  grid-cat-331 grid-cat-414 tmb-media-first tmb-media-last tmb-content-overlay tmb-no-bg\" ><div class=\"t-inside no-anim\" ><div class=\"t-entry-visual\"><div class=\"t-entry-visual-tc\"><div class=\"t-entry-visual-cont\"><div class=\"dummy\" style=\"padding-top: 100%;\"><\/div><a tabindex=\"-1\" href=\"https:\/\/annettewelander.com\/sv\/produkt\/ondulation-ring\/\" class=\"pushed\" data-lb-index=\"2\"><div class=\"t-entry-visual-overlay\"><div class=\"t-entry-visual-overlay-in style-accent-bg\" style=\"opacity: 0.01;\"><\/div><\/div><div class=\"t-overlay-wrap\"><div class=\"t-overlay-inner\">\n\t\t\t\t\t\t\t\t\t\t\t\t\t\t<div class=\"t-overlay-content\">\n\t\t\t\t\t\t\t\t\t\t\t\t\t\t\t<div class=\"t-overlay-text single-block-padding\"><div class=\"t-entry\"><h3 class=\"t-entry-title font-377884 fontsize-160000 font-weight-700 fontspace-210350 title-scale\">ONDULATION RING<\/h3><p class=\"t-entry-excerpt\">Featuring one of the most rare gemstone in the world, the pink diamond. The colour of the diamonds is natural Fancy Pink 4P\u20134PP, Clarity VS-VVS, set in 18K rose gold.<\/p><\/div><\/div><\/div><\/div><\/div><img decoding=\"async\" class=\"wp-image-79510\" src=\"https:\/\/annettewelander.com\/wp-content\/uploads\/2025\/10\/rosa-_M5A8431-Redigera-2.jpg\" width=\"1280\" height=\"1280\" alt=\"\" srcset=\"https:\/\/annettewelander.com\/wp-content\/uploads\/2025\/10\/rosa-_M5A8431-Redigera-2.jpg 1280w, https:\/\/annettewelander.com\/wp-content\/uploads\/2025\/10\/rosa-_M5A8431-Redigera-2-500x500.jpg 500w, https:\/\/annettewelander.com\/wp-content\/uploads\/2025\/10\/rosa-_M5A8431-Redigera-2-1024x1024.jpg 1024w, https:\/\/annettewelander.com\/wp-content\/uploads\/2025\/10\/rosa-_M5A8431-Redigera-2-150x150.jpg 150w, https:\/\/annettewelander.com\/wp-content\/uploads\/2025\/10\/rosa-_M5A8431-Redigera-2-768x768.jpg 768w, https:\/\/annettewelander.com\/wp-content\/uploads\/2025\/10\/rosa-_M5A8431-Redigera-2-12x12.jpg 12w, https:\/\/annettewelander.com\/wp-content\/uploads\/2025\/10\/rosa-_M5A8431-Redigera-2-350x350.jpg 350w, https:\/\/annettewelander.com\/wp-content\/uploads\/2025\/10\/rosa-_M5A8431-Redigera-2-348x348.jpg 348w, https:\/\/annettewelander.com\/wp-content\/uploads\/2025\/10\/rosa-_M5A8431-Redigera-2-300x300.jpg 300w, https:\/\/annettewelander.com\/wp-content\/uploads\/2025\/10\/rosa-_M5A8431-Redigera-2-100x100.jpg 100w\" sizes=\"(max-width: 1280px) 100vw, 1280px\" \/><\/a><\/div>\n\t\t\t\t\t<\/div>\n\t\t\t\t<\/div><\/div><\/div><div class=\"tmb tmb-iso-w4 tmb-iso-h4 tmb-light tmb-text-showed tmb-overlay-bottom tmb-overlay-text-center tmb-id-79509  grid-cat-331 grid-cat-414 tmb-media-first tmb-media-last tmb-content-overlay tmb-no-bg\" ><div class=\"t-inside no-anim\" ><div class=\"t-entry-visual\"><div class=\"t-entry-visual-tc\"><div class=\"t-entry-visual-cont\"><div class=\"dummy\" style=\"padding-top: 100%;\"><\/div><a tabindex=\"-1\" href=\"https:\/\/annettewelander.com\/sv\/produkt\/ondulation-ring\/\" class=\"pushed\" data-lb-index=\"3\"><div class=\"t-entry-visual-overlay\"><div class=\"t-entry-visual-overlay-in style-accent-bg\" style=\"opacity: 0.01;\"><\/div><\/div><div class=\"t-overlay-wrap\"><div class=\"t-overlay-inner\">\n\t\t\t\t\t\t\t\t\t\t\t\t\t\t<div class=\"t-overlay-content\">\n\t\t\t\t\t\t\t\t\t\t\t\t\t\t\t<div class=\"t-overlay-text single-block-padding\"><div class=\"t-entry\"><h3 class=\"t-entry-title font-377884 fontsize-160000 font-weight-700 fontspace-210350 title-scale\">ONDULATION RING<\/h3><p class=\"t-entry-excerpt\">Featuring one of the most rare gemstone in the world, the pink diamond. The colour of the diamonds is natural Fancy Pink 4P\u20134PP, Clarity VS-VVS, set in 18K rose gold.<\/p><\/div><\/div><\/div><\/div><\/div><img decoding=\"async\" class=\"wp-image-79509\" src=\"https:\/\/annettewelander.com\/wp-content\/uploads\/2025\/10\/rosa-_M5A8429-Redigera-2.jpg\" width=\"1280\" height=\"1280\" alt=\"\" srcset=\"https:\/\/annettewelander.com\/wp-content\/uploads\/2025\/10\/rosa-_M5A8429-Redigera-2.jpg 1280w, https:\/\/annettewelander.com\/wp-content\/uploads\/2025\/10\/rosa-_M5A8429-Redigera-2-500x500.jpg 500w, https:\/\/annettewelander.com\/wp-content\/uploads\/2025\/10\/rosa-_M5A8429-Redigera-2-1024x1024.jpg 1024w, https:\/\/annettewelander.com\/wp-content\/uploads\/2025\/10\/rosa-_M5A8429-Redigera-2-150x150.jpg 150w, https:\/\/annettewelander.com\/wp-content\/uploads\/2025\/10\/rosa-_M5A8429-Redigera-2-768x768.jpg 768w, https:\/\/annettewelander.com\/wp-content\/uploads\/2025\/10\/rosa-_M5A8429-Redigera-2-12x12.jpg 12w, https:\/\/annettewelander.com\/wp-content\/uploads\/2025\/10\/rosa-_M5A8429-Redigera-2-350x350.jpg 350w, https:\/\/annettewelander.com\/wp-content\/uploads\/2025\/10\/rosa-_M5A8429-Redigera-2-348x348.jpg 348w, https:\/\/annettewelander.com\/wp-content\/uploads\/2025\/10\/rosa-_M5A8429-Redigera-2-300x300.jpg 300w, https:\/\/annettewelander.com\/wp-content\/uploads\/2025\/10\/rosa-_M5A8429-Redigera-2-100x100.jpg 100w\" sizes=\"(max-width: 1280px) 100vw, 1280px\" \/><\/a><\/div>\n\t\t\t\t\t<\/div>\n\t\t\t\t<\/div><\/div><\/div>\t\t\t\t\t\t<\/div>\n\t\t\t\t\t<\/div>\n\n\t\n\t\n<\/div>\n\n<\/div><\/div><\/div><\/div><\/div><script id=\"script-row-unique-1\" data-row=\"script-row-unique-1\" type=\"text\/javascript\" class=\"vc_controls\">UNCODE.initRow(document.getElementById(\"row-unique-1\"));<\/script><\/div><\/div><\/div><div data-parent=\"true\" class=\"vc_row row-container boomapps_vcrow\" id=\"row-unique-2\"><div class=\"row limit-width row-parent\"><div class=\"wpb_row row-inner\"><div class=\"wpb_column pos-top pos-center align_left column_parent col-lg-12 boomapps_vccolumn single-internal-gutter\"><div class=\"uncol style-light\"  ><div class=\"uncoltable\"><div class=\"uncell  boomapps_vccolumn no-block-padding\" ><div class=\"uncont\" ><div class=\"divider-wrapper\"  >\n    <hr class=\"border-color-xsdn-color separator-no-padding\"  \/>\n<\/div>\n<\/div><\/div><\/div><\/div><\/div><script id=\"script-row-unique-2\" data-row=\"script-row-unique-2\" type=\"text\/javascript\" class=\"vc_controls\">UNCODE.initRow(document.getElementById(\"row-unique-2\"));<\/script><\/div><\/div><\/div>\n<\/div>","protected":false},"excerpt":{"rendered":"ONDULATION&nbsp;Influences from the 20th-century Scandinavian architecture, using curvilinear shapes that feels like a natural occurrence. Forms that serve both structural [...]","protected":false},"author":2,"featured_media":0,"parent":0,"menu_order":0,"comment_status":"closed","ping_status":"closed","template":"","meta":{"_acf_changed":false,"footnotes":""},"class_list":["post-78519","page","type-page","status-publish","hentry"],"acf":[],"yoast_head":"<!-- This site is optimized with the Yoast SEO plugin v26.8 - https:\/\/yoast.com\/product\/yoast-seo-wordpress\/ -->\n<title>Ondulation | Annette Welander<\/title>\n<meta name=\"robots\" content=\"index, follow, max-snippet:-1, max-image-preview:large, max-video-preview:-1\" \/>\n<link rel=\"canonical\" href=\"https:\/\/annettewelander.com\/sv\/ondulation\/\" \/>\n<meta property=\"og:locale\" content=\"sv_SE\" \/>\n<meta property=\"og:type\" content=\"article\" \/>\n<meta property=\"og:title\" content=\"Ondulation | Annette Welander\" \/>\n<meta property=\"og:url\" content=\"https:\/\/annettewelander.com\/sv\/ondulation\/\" \/>\n<meta property=\"og:site_name\" content=\"Annette Welander\" \/>\n<meta property=\"article:publisher\" content=\"https:\/\/www.facebook.com\/AnnetteWelander\/\" \/>\n<meta property=\"article:modified_time\" content=\"2025-10-22T11:30:53+00:00\" \/>\n<meta property=\"og:image\" content=\"https:\/\/annettewelander.com\/wp-content\/uploads\/2020\/06\/5ARCRING-redNODIAMOND-LOW2.jpg\" \/>\n\t<meta property=\"og:image:width\" content=\"1426\" \/>\n\t<meta property=\"og:image:height\" content=\"2000\" \/>\n\t<meta property=\"og:image:type\" content=\"image\/jpeg\" \/>\n<meta name=\"twitter:card\" content=\"summary_large_image\" \/>\n<meta name=\"twitter:site\" content=\"@annettewelander\" \/>\n<meta name=\"twitter:label1\" content=\"Ber\u00e4knad l\u00e4stid\" \/>\n\t<meta name=\"twitter:data1\" content=\"2 minuter\" \/>\n<script type=\"application\/ld+json\" class=\"yoast-schema-graph\">{\"@context\":\"https:\/\/schema.org\",\"@graph\":[{\"@type\":\"WebPage\",\"@id\":\"https:\/\/annettewelander.com\/ondulation\/\",\"url\":\"https:\/\/annettewelander.com\/ondulation\/\",\"name\":\"Ondulation | Annette Welander\",\"isPartOf\":{\"@id\":\"https:\/\/annettewelander.com\/#website\"},\"datePublished\":\"2023-03-20T06:58:51+00:00\",\"dateModified\":\"2025-10-22T11:30:53+00:00\",\"breadcrumb\":{\"@id\":\"https:\/\/annettewelander.com\/ondulation\/#breadcrumb\"},\"inLanguage\":\"sv-SE\",\"potentialAction\":[{\"@type\":\"ReadAction\",\"target\":[\"https:\/\/annettewelander.com\/ondulation\/\"]}]},{\"@type\":\"BreadcrumbList\",\"@id\":\"https:\/\/annettewelander.com\/ondulation\/#breadcrumb\",\"itemListElement\":[{\"@type\":\"ListItem\",\"position\":1,\"name\":\"Home\",\"item\":\"https:\/\/annettewelander.com\/\"},{\"@type\":\"ListItem\",\"position\":2,\"name\":\"Ondulation\"}]},{\"@type\":\"WebSite\",\"@id\":\"https:\/\/annettewelander.com\/#website\",\"url\":\"https:\/\/annettewelander.com\/\",\"name\":\"Annette Welander\",\"description\":\"Contemporary Jewellery House\",\"publisher\":{\"@id\":\"https:\/\/annettewelander.com\/#organization\"},\"potentialAction\":[{\"@type\":\"SearchAction\",\"target\":{\"@type\":\"EntryPoint\",\"urlTemplate\":\"https:\/\/annettewelander.com\/?s={search_term_string}\"},\"query-input\":{\"@type\":\"PropertyValueSpecification\",\"valueRequired\":true,\"valueName\":\"search_term_string\"}}],\"inLanguage\":\"sv-SE\"},{\"@type\":\"Organization\",\"@id\":\"https:\/\/annettewelander.com\/#organization\",\"name\":\"Annette Welander\",\"url\":\"https:\/\/annettewelander.com\/\",\"logo\":{\"@type\":\"ImageObject\",\"inLanguage\":\"sv-SE\",\"@id\":\"https:\/\/annettewelander.com\/#\/schema\/logo\/image\/\",\"url\":\"https:\/\/annettewelander.com\/wp-content\/uploads\/2018\/08\/cropped-logobrowser.png\",\"contentUrl\":\"https:\/\/annettewelander.com\/wp-content\/uploads\/2018\/08\/cropped-logobrowser.png\",\"width\":512,\"height\":512,\"caption\":\"Annette Welander\"},\"image\":{\"@id\":\"https:\/\/annettewelander.com\/#\/schema\/logo\/image\/\"},\"sameAs\":[\"https:\/\/www.facebook.com\/AnnetteWelander\/\",\"https:\/\/x.com\/annettewelander\",\"https:\/\/www.instagram.com\/annettewelander\/\",\"https:\/\/www.pinterest.com\/annettewelander\/\",\"https:\/\/www.youtube.com\/channel\/UCee4klz8DKIvg_ZHMB0_yDA\",\"https:\/\/annettewelander.tumblr.com\"]}]}<\/script>\n<!-- \/ Yoast SEO plugin. -->","yoast_head_json":{"title":"Ondulation | Annette Welander","robots":{"index":"index","follow":"follow","max-snippet":"max-snippet:-1","max-image-preview":"max-image-preview:large","max-video-preview":"max-video-preview:-1"},"canonical":"https:\/\/annettewelander.com\/sv\/ondulation\/","og_locale":"sv_SE","og_type":"article","og_title":"Ondulation | Annette Welander","og_url":"https:\/\/annettewelander.com\/sv\/ondulation\/","og_site_name":"Annette Welander","article_publisher":"https:\/\/www.facebook.com\/AnnetteWelander\/","article_modified_time":"2025-10-22T11:30:53+00:00","og_image":[{"width":1426,"height":2000,"url":"https:\/\/annettewelander.com\/wp-content\/uploads\/2020\/06\/5ARCRING-redNODIAMOND-LOW2.jpg","type":"image\/jpeg"}],"twitter_card":"summary_large_image","twitter_site":"@annettewelander","twitter_misc":{"Ber\u00e4knad l\u00e4stid":"2 minuter"},"schema":{"@context":"https:\/\/schema.org","@graph":[{"@type":"WebPage","@id":"https:\/\/annettewelander.com\/ondulation\/","url":"https:\/\/annettewelander.com\/ondulation\/","name":"Ondulation | Annette Welander","isPartOf":{"@id":"https:\/\/annettewelander.com\/#website"},"datePublished":"2023-03-20T06:58:51+00:00","dateModified":"2025-10-22T11:30:53+00:00","breadcrumb":{"@id":"https:\/\/annettewelander.com\/ondulation\/#breadcrumb"},"inLanguage":"sv-SE","potentialAction":[{"@type":"ReadAction","target":["https:\/\/annettewelander.com\/ondulation\/"]}]},{"@type":"BreadcrumbList","@id":"https:\/\/annettewelander.com\/ondulation\/#breadcrumb","itemListElement":[{"@type":"ListItem","position":1,"name":"Home","item":"https:\/\/annettewelander.com\/"},{"@type":"ListItem","position":2,"name":"Ondulation"}]},{"@type":"WebSite","@id":"https:\/\/annettewelander.com\/#website","url":"https:\/\/annettewelander.com\/","name":"Annette Welander","description":"Contemporary Jewellery House","publisher":{"@id":"https:\/\/annettewelander.com\/#organization"},"potentialAction":[{"@type":"SearchAction","target":{"@type":"EntryPoint","urlTemplate":"https:\/\/annettewelander.com\/?s={search_term_string}"},"query-input":{"@type":"PropertyValueSpecification","valueRequired":true,"valueName":"search_term_string"}}],"inLanguage":"sv-SE"},{"@type":"Organization","@id":"https:\/\/annettewelander.com\/#organization","name":"Annette Welander","url":"https:\/\/annettewelander.com\/","logo":{"@type":"ImageObject","inLanguage":"sv-SE","@id":"https:\/\/annettewelander.com\/#\/schema\/logo\/image\/","url":"https:\/\/annettewelander.com\/wp-content\/uploads\/2018\/08\/cropped-logobrowser.png","contentUrl":"https:\/\/annettewelander.com\/wp-content\/uploads\/2018\/08\/cropped-logobrowser.png","width":512,"height":512,"caption":"Annette Welander"},"image":{"@id":"https:\/\/annettewelander.com\/#\/schema\/logo\/image\/"},"sameAs":["https:\/\/www.facebook.com\/AnnetteWelander\/","https:\/\/x.com\/annettewelander","https:\/\/www.instagram.com\/annettewelander\/","https:\/\/www.pinterest.com\/annettewelander\/","https:\/\/www.youtube.com\/channel\/UCee4klz8DKIvg_ZHMB0_yDA","https:\/\/annettewelander.tumblr.com"]}]}},"_links":{"self":[{"href":"https:\/\/annettewelander.com\/sv\/wp-json\/wp\/v2\/pages\/78519","targetHints":{"allow":["GET"]}}],"collection":[{"href":"https:\/\/annettewelander.com\/sv\/wp-json\/wp\/v2\/pages"}],"about":[{"href":"https:\/\/annettewelander.com\/sv\/wp-json\/wp\/v2\/types\/page"}],"author":[{"embeddable":true,"href":"https:\/\/annettewelander.com\/sv\/wp-json\/wp\/v2\/users\/2"}],"replies":[{"embeddable":true,"href":"https:\/\/annettewelander.com\/sv\/wp-json\/wp\/v2\/comments?post=78519"}],"version-history":[{"count":25,"href":"https:\/\/annettewelander.com\/sv\/wp-json\/wp\/v2\/pages\/78519\/revisions"}],"predecessor-version":[{"id":79538,"href":"https:\/\/annettewelander.com\/sv\/wp-json\/wp\/v2\/pages\/78519\/revisions\/79538"}],"wp:attachment":[{"href":"https:\/\/annettewelander.com\/sv\/wp-json\/wp\/v2\/media?parent=78519"}],"curies":[{"name":"wp","href":"https:\/\/api.w.org\/{rel}","templated":true}]}}