{"id":78217,"date":"2021-08-25T09:24:27","date_gmt":"2021-08-25T07:24:27","guid":{"rendered":"https:\/\/annettewelander.com\/?page_id=78217"},"modified":"2025-10-24T11:48:10","modified_gmt":"2025-10-24T09:48:10","slug":"sustainability","status":"publish","type":"page","link":"https:\/\/annettewelander.com\/sv\/sustainability\/","title":{"rendered":"H\u00e5llbarhet"},"content":{"rendered":"<div class=\"wpb-content-wrapper\"><div data-parent=\"true\" class=\"vc_row info-pages-row vc_custom_1738693165448 row-container boomapps_vcrow\" style=\"margin-top: 30px ;\" id=\"row-unique-0\"><div class=\"row unequal col-no-gutter no-top-padding no-bottom-padding no-h-padding full-width row-parent\"><div class=\"wpb_row row-inner\"><div class=\"wpb_column pos-top pos-center align_left column_parent col-lg-9 info-content boomapps_vccolumn single-internal-gutter\"><div class=\"uncol style-light\"  ><div class=\"uncoltable\"><div class=\"uncell  boomapps_vccolumn double-block-padding style-color-lxmt-bg\" ><div class=\"uncont\" style=\" max-width:1404px;\" ><div class=\"vc_row row-internal row-container boomapps_vcrow\"><div class=\"row row-child\"><div class=\"wpb_row row-inner\"><div class=\"wpb_column pos-top pos-center align_left column_child col-lg-8 boomapps_vccolumn single-internal-gutter\"><div class=\"uncol style-light\" ><div class=\"uncoltable\"><div class=\"uncell  boomapps_vccolumn no-block-padding\" ><div class=\"uncont\" style=\" max-width:1404px;\" ><div class=\"vc_custom_heading_wrap\"><div class=\"heading-text el-text\" ><h2 class=\"font-762333 h2 font-weight-200\" ><span><strong>OUR <\/strong>SUSTAINABLE VALUES\/ETHICS<\/span><\/h2><\/div><div class=\"clear\"><\/div><\/div><div class=\"vc_custom_heading_wrap\"><div class=\"heading-text el-text\" ><p class=\"h6 fontheight-357766 fontspace-781688 font-weight-300 text-color-wvjs-color\" ><span><em>V\u00e5ra produkter \u00e4r tillverkade av exceptionella material av h\u00f6gsta kvalitet. De kommer fr\u00e5n jorden utan att skada v\u00e5r bl\u00e5 planet. Vi \u00e4r engagerade i h\u00e5llbarhet och sp\u00e5rbarhet f\u00f6r de material vi anv\u00e4nder och l\u00e4gger stor vikt vid h\u00e5llbarhet med konceptet f\u00e4rre men b\u00e4ttre. Produkterna g\u00e5r aldrig ur modet och \u00e4r livsl\u00e5nga.<\/em><\/p><\/span><span><p><em>Vi str\u00e4var alltid efter att inspirera v\u00e5ra kunder till att g\u00f6ra milj\u00f6medvetna och h\u00e5llbara val.<\/em><\/span><\/p><\/div><div class=\"clear\"><\/div><\/div><div class=\"vc_custom_heading_wrap\"><div class=\"heading-text el-text\" ><p class=\"h6 fontheight-357766 fontspace-781688 font-weight-300 text-color-wvjs-color\" ><span><em>At Annette Welander, we take our commitment to the environment seriously and carefully monitor our carbon footprint. We continually examine every aspect of our business with the objective of making our environmental footprint as small as possible.<\/em><\/p><\/span><span><p><em>We value the planet\u2019s diversity, both in humanity and in nature, and actively strive to preserve and care for it in its entirety.<\/em><\/span><\/p><\/div><div class=\"clear\"><\/div><\/div><\/div><\/div><\/div><\/div><\/div><div class=\"wpb_column pos-top pos-center align_left column_child col-lg-4 boomapps_vccolumn single-internal-gutter\"><div class=\"uncol style-light\" ><div class=\"uncoltable\"><div class=\"uncell  boomapps_vccolumn no-block-padding\" ><div class=\"uncont\" ><div id=\"gallery-193393\" class=\"isotope-system isotope-general-light grid-general-light\">\n\t\t\t\t\n\t<div class=\"isotope-wrapper grid-wrapper single-gutter\">\n\t\t\t\t\t\t<div class=\"isotope-container isotope-layout style-masonry\" data-type=\"masonry\" data-layout=\"masonry\" data-lg=\"1000\" data-md=\"600\" data-sm=\"480\">\n<div class=\"tmb tmb-iso-w4 tmb-iso-h4 tmb-light tmb-overlay-text-anim tmb-overlay-anim tmb-overlay-middle tmb-overlay-text-left tmb-image-anim tmb-id-78499  tmb-media-first tmb-media-last tmb-content-overlay tmb-no-bg\" ><div class=\"t-inside no-anim\" ><div class=\"t-entry-visual\"><div class=\"t-entry-visual-tc\"><div class=\"t-entry-visual-cont\"><div class=\"dummy\" style=\"padding-top: 100%;\"><\/div><a tabindex=\"-1\" href=\"#\" class=\"inactive-link pushed\" data-lb-index=\"0\"><div class=\"t-entry-visual-overlay\"><div class=\"t-entry-visual-overlay-in style-dark-bg\" style=\"opacity: 0.01;\"><\/div><\/div><img decoding=\"async\" class=\"wp-image-78499\" src=\"https:\/\/annettewelander.com\/wp-content\/uploads\/2023\/01\/AW_Sustainable_Choice_230115.png\" width=\"1153\" height=\"1153\" alt=\"\" srcset=\"https:\/\/annettewelander.com\/wp-content\/uploads\/2023\/01\/AW_Sustainable_Choice_230115.png 1153w, https:\/\/annettewelander.com\/wp-content\/uploads\/2023\/01\/AW_Sustainable_Choice_230115-500x500.png 500w, https:\/\/annettewelander.com\/wp-content\/uploads\/2023\/01\/AW_Sustainable_Choice_230115-1024x1024.png 1024w, https:\/\/annettewelander.com\/wp-content\/uploads\/2023\/01\/AW_Sustainable_Choice_230115-150x150.png 150w, https:\/\/annettewelander.com\/wp-content\/uploads\/2023\/01\/AW_Sustainable_Choice_230115-768x768.png 768w, https:\/\/annettewelander.com\/wp-content\/uploads\/2023\/01\/AW_Sustainable_Choice_230115-350x350.png 350w, https:\/\/annettewelander.com\/wp-content\/uploads\/2023\/01\/AW_Sustainable_Choice_230115-348x348.png 348w, https:\/\/annettewelander.com\/wp-content\/uploads\/2023\/01\/AW_Sustainable_Choice_230115-300x300.png 300w, https:\/\/annettewelander.com\/wp-content\/uploads\/2023\/01\/AW_Sustainable_Choice_230115-100x100.png 100w\" sizes=\"(max-width: 1153px) 100vw, 1153px\" \/><\/a><\/div>\n\t\t\t\t\t<\/div>\n\t\t\t\t<\/div><\/div><\/div>\t\t\t\t\t\t<\/div>\n\t\t\t\t\t<\/div>\n\n\t\n\t\n<\/div>\n\n<\/div><\/div><\/div><\/div><\/div><\/div><\/div><\/div><div class=\"vc_row row-internal row-container boomapps_vcrow\"><div class=\"row row-child\"><div class=\"wpb_row row-inner\"><div class=\"wpb_column pos-top pos-center align_left column_child col-lg-12 boomapps_vccolumn single-internal-gutter\"><div class=\"uncol style-light\" ><div class=\"uncoltable\"><div class=\"uncell  boomapps_vccolumn no-block-padding\" ><div class=\"uncont\" style=\" max-width:1404px;\" ><div class=\"vc_custom_heading_wrap\"><div class=\"heading-text el-text\" ><h2 class=\"font-762333 h2 font-weight-200\" ><span>Adaptive Design &amp; Reuse<\/span><\/h2><\/div><div class=\"clear\"><\/div><\/div><div class=\"vc_custom_heading_wrap\"><div class=\"heading-text el-text\" ><p class=\"h6 fontheight-357766 fontspace-781688 font-weight-300 text-color-wvjs-color\" ><span>At Annette Welander jewelry house, we believe that we have a responsibility to always push for a higher level of sustainability.<\/p><\/span><span><p>We\u00b4re now proud to launch and offer our latest adaptive reuse design process. This sustainable development repurposes your beloved fine jewelry that no longer serves its original purpose and transforms it into something new. Your memories will transform and undergo a new journey, one we\u00b4re happy to be apart of. Reusing as many different parts as possible we aim to restore the memories while simultaneously contribute to a sustainable design that also reduce the environmental impact.<\/span><\/p><\/div><div class=\"clear\"><\/div><\/div><\/div><\/div><\/div><\/div><\/div><\/div><\/div><\/div><div class=\"vc_row row-internal row-container boomapps_vcrow\"><div class=\"row row-child\"><div class=\"wpb_row row-inner\"><div class=\"wpb_column pos-top pos-center align_left column_child col-lg-12 boomapps_vccolumn single-internal-gutter\"><div class=\"uncol style-light\" ><div class=\"uncoltable\"><div class=\"uncell  boomapps_vccolumn no-block-padding\" ><div class=\"uncont\" style=\" max-width:1404px;\" ><div class=\"vc_custom_heading_wrap\"><div class=\"heading-text el-text\" ><h2 class=\"font-762333 h2 font-weight-200\" ><span>Sustainable Sourced Gold<\/span><\/h2><\/div><div class=\"clear\"><\/div><\/div><div class=\"vc_custom_heading_wrap\"><div class=\"heading-text el-text\" ><p class=\"h6 fontheight-357766 fontspace-781688 font-weight-300 text-color-wvjs-color\" ><span>We are able to monitor the\u00a0sourcing of precious metals in full, since we manufacture all our jewellery in our studio in Stockholm.<\/p><\/span><span><p>&nbsp;<\/p><\/span><span><p>All Annette Welander jewels and all the house\u2019s designs have a series of control marks guaranteeing Swedish origin and the purity of the metal, as well as the ethical sourcing of the precious metals controls by Swedac, who are the regulatory and supervisory authority in Sweden for precious metal.<\/p><\/span><span><p>&nbsp;<\/p><\/span><span><p>The precious metals come from one of the largest, most influential Nordic distributor and its manufactured exclusively by LMBA or LPPM-certified companies in accordance with the 2017\/821 Regulation (EU) laying down supply chain due diligence obligations. The gold is produced by a C02 neutral refining process through the use of the state-of-the-art technology. LMBA is the world\u00b4s only independent authority for precious metals and they ensure the highest levels of leadership, integrity and transparency for the global precious metals industry by advancing standards and developing market solutions.<\/p><\/span><span><p>&nbsp;<\/p><\/span><span><p>We offer safe products that are free of hazardous substances and in line with industry standards.<\/span><\/p><\/div><div class=\"clear\"><\/div><\/div><\/div><\/div><\/div><\/div><\/div><\/div><\/div><\/div><div class=\"vc_row row-internal row-container boomapps_vcrow\"><div class=\"row row-child\"><div class=\"wpb_row row-inner\"><div class=\"wpb_column pos-top pos-center align_left column_child col-lg-12 boomapps_vccolumn single-internal-gutter\"><div class=\"uncol style-light\" ><div class=\"uncoltable\"><div class=\"uncell  boomapps_vccolumn no-block-padding\" ><div class=\"uncont\" style=\" max-width:1404px;\" ><div class=\"vc_custom_heading_wrap\"><div class=\"heading-text el-text\" ><h2 class=\"font-762333 h2 font-weight-200\" ><span>Sustainable Sourced Diamonds &amp; Gemstones<\/span><\/h2><\/div><div class=\"clear\"><\/div><\/div><div class=\"vc_custom_heading_wrap\"><div class=\"heading-text el-text\" ><p class=\"h6 fontheight-357766 fontspace-781688 font-weight-300 text-color-wvjs-color\" ><span><strong><em>\u2018The ultimate treasure from nature\u2019.<\/em><\/strong><\/span><\/p><\/div><div class=\"clear\"><\/div><\/div><div class=\"vc_custom_heading_wrap\"><div class=\"heading-text el-text\" ><p class=\"h6 fontheight-357766 fontspace-781688 font-weight-300 text-color-wvjs-color\" ><span>The house use only high-quality diamonds, sourced from countries that are full\u00a0participants in the Kimberley Process Certification Scheme, underpinned by\u00a0the United Nations mandate. Diamonds, 0.50ct and above, are traceable and arrive accompanied with a certification from the Gemological Institute of America (GIA). Colored gemstones 0,50ct and above arrives with a GRS\u00a0gemstone report from GemResearch Swisslab in Switzerland.<\/span><\/p><\/div><div class=\"clear\"><\/div><\/div><\/div><\/div><\/div><\/div><\/div><\/div><\/div><\/div><div class=\"vc_row row-internal row-container boomapps_vcrow\"><div class=\"row row-child\"><div class=\"wpb_row row-inner\"><div class=\"wpb_column pos-top pos-center align_left column_child col-lg-12 boomapps_vccolumn single-internal-gutter\"><div class=\"uncol style-light\" ><div class=\"uncoltable\"><div class=\"uncell  boomapps_vccolumn no-block-padding\" ><div class=\"uncont\" style=\" max-width:1404px;\" ><div class=\"vc_custom_heading_wrap\"><div class=\"heading-text el-text\" ><h2 class=\"font-762333 h2 font-weight-200\" ><span>Sustainable Grown Diamonds<\/span><\/h2><\/div><div class=\"clear\"><\/div><\/div><div class=\"vc_custom_heading_wrap\"><div class=\"heading-text el-text\" ><p class=\"h6 fontheight-357766 fontspace-781688 font-weight-300 text-color-wvjs-color\" ><span>Choosing a sustainable production with- out human and environmental toll of mining, the house is proud to collaborate with Diamond Foundry Inc., The world\u2019s first CarbonNeutral\u00ae\u00a0diamond producer. We are therefor proud to\u00a0also offer sustainably grown diamonds, certified with a unique gemological ID<\/span><\/p><\/div><div class=\"clear\"><\/div><\/div><\/div><\/div><\/div><\/div><\/div><\/div><\/div><\/div><div class=\"vc_row row-internal row-container boomapps_vcrow\"><div class=\"row row-child\"><div class=\"wpb_row row-inner\"><div class=\"wpb_column pos-top pos-center align_left column_child col-lg-12 boomapps_vccolumn single-internal-gutter\"><div class=\"uncol style-light\" ><div class=\"uncoltable\"><div class=\"uncell  boomapps_vccolumn no-block-padding\" ><div class=\"uncont\" style=\" max-width:1404px;\" ><div class=\"vc_custom_heading_wrap\"><div class=\"heading-text el-text\" ><h2 class=\"font-762333 h2 font-weight-200\" ><span>Sustainable Pearls<\/span><\/h2><\/div><div class=\"clear\"><\/div><\/div><div class=\"vc_custom_heading_wrap\"><div class=\"heading-text el-text\" ><p class=\"h6 fontheight-357766 fontspace-781688 font-weight-300 text-color-wvjs-color\" ><span>At Annette Welander, we work only with the highest quality cultured pearls that are from sustainable pearl farms in French Polynesia and Japan. When harvesting sustainable pearls, no treatment is performed and there is no manipulation with colors or luster.<\/span><\/p><\/div><div class=\"clear\"><\/div><\/div><\/div><\/div><\/div><\/div><\/div><\/div><\/div><\/div><div class=\"vc_row row-internal row-container boomapps_vcrow\"><div class=\"row row-child\"><div class=\"wpb_row row-inner\"><div class=\"wpb_column pos-top pos-center align_left column_child col-lg-12 boomapps_vccolumn single-internal-gutter\"><div class=\"uncol style-light\" ><div class=\"uncoltable\"><div class=\"uncell  boomapps_vccolumn no-block-padding\" ><div class=\"uncont\" style=\" max-width:1404px;\" ><div class=\"vc_custom_heading_wrap\"><div class=\"heading-text el-text\" ><h2 class=\"font-762333 h2 font-weight-200\" ><span>FSC, EU Ecolabel and PEFC\u2122 Certified Packaging<\/span><\/h2><\/div><div class=\"clear\"><\/div><\/div><div class=\"vc_custom_heading_wrap\"><div class=\"heading-text el-text\" ><p class=\"h6 fontheight-357766 fontspace-781688 font-weight-300 text-color-wvjs-color\" ><span>We source the paper for our packaging from responsibly managed forests and it meets the highest quality.<\/p><\/span><span><p>&nbsp;<\/p><\/span><span><p>The paper is produced in Sweden and comes from one of the most environmentally-friendly paper mills in the world and it is Cradle to Cradle Certified\u00ae. The paper mill is the first paper mill in the world to have completed this certification. It is EU Ecolabel, FSC and PEFC TM certified. Cradle to Cradle Certified\u00ae is a global recognised standard of safe and circular products. Their mission is to not only minimise the negative influence on the environment, but to go beyond, and to leave a positive footprint.<\/span><\/p><\/div><div class=\"clear\"><\/div><\/div><\/div><\/div><\/div><\/div><\/div><\/div><\/div><\/div><div class=\"vc_row row-internal row-container boomapps_vcrow\"><div class=\"row row-child\"><div class=\"wpb_row row-inner\"><div class=\"wpb_column pos-top pos-center align_left column_child col-lg-12 boomapps_vccolumn single-internal-gutter\"><div class=\"uncol style-light\" ><div class=\"uncoltable\"><div class=\"uncell  boomapps_vccolumn no-block-padding\" ><div class=\"uncont\" style=\" max-width:1404px;\" ><div class=\"vc_custom_heading_wrap\"><div class=\"heading-text el-text\" ><h2 class=\"font-762333 h2 font-weight-200\" ><span>Sustainable Shipping<\/span><\/h2><\/div><div class=\"clear\"><\/div><\/div><div class=\"vc_custom_heading_wrap\"><div class=\"heading-text el-text\" ><p class=\"h6 fontheight-357766 fontspace-781688 font-weight-300 text-color-wvjs-color\" ><span>Our shipping is environmentally friendly and we use DHL GoGreen Plus Worldwide, a pioneer in green logistics.<\/p><\/span><span><p>&nbsp;<\/p><\/span><span><p>DHL GoGreen Plus uses SAF that is a biofuel that is produced from renewable sources such as vegetable oils, animal fats, waste products, and agricultural crops. SAF is specifically designed to be used as a substitute for traditional jet fuel and can reduce greenhouse gas emissions by up to 80% compared to fossil fuels. By insetting via GoGreen Plus, we can directly reduce CO2- emissions of our transportation within our own supply chain. The entire process is verified by an independent body accredited by the Socie\u0301te\u0301 Ge\u0301ne\u0301rale de Surveillance (SGS)DHL has also set ambitious environmental targets and aims to reduce their logistics-related greenhouse gas and air pollutant emissions to zero by the year 2050.<\/span><\/p><\/div><div class=\"clear\"><\/div><\/div><\/div><\/div><\/div><\/div><\/div><\/div><\/div><\/div><\/div><\/div><\/div><\/div><\/div><script id=\"script-row-unique-0\" data-row=\"script-row-unique-0\" type=\"text\/javascript\" class=\"vc_controls\">UNCODE.initRow(document.getElementById(\"row-unique-0\"));<\/script><\/div><\/div><\/div>\n<\/div>","protected":false},"excerpt":{"rendered":"OUR SUSTAINABLE VALUES\/ETHICSOur pieces are made from exceptional materials of the highest quality. They come from the Earth without harming [...]","protected":false},"author":2,"featured_media":0,"parent":0,"menu_order":0,"comment_status":"closed","ping_status":"closed","template":"","meta":{"_acf_changed":false,"footnotes":""},"class_list":["post-78217","page","type-page","status-publish","hentry"],"acf":[],"yoast_head":"<!-- This site is optimized with the Yoast SEO plugin v26.8 - https:\/\/yoast.com\/product\/yoast-seo-wordpress\/ -->\n<title>Sustainability | Annette Welander<\/title>\n<meta name=\"robots\" content=\"index, follow, max-snippet:-1, max-image-preview:large, max-video-preview:-1\" \/>\n<link rel=\"canonical\" href=\"https:\/\/annettewelander.com\/sv\/sustainability\/\" \/>\n<meta property=\"og:locale\" content=\"sv_SE\" \/>\n<meta property=\"og:type\" content=\"article\" \/>\n<meta property=\"og:title\" content=\"Sustainability | Annette Welander\" \/>\n<meta property=\"og:url\" content=\"https:\/\/annettewelander.com\/sv\/sustainability\/\" \/>\n<meta property=\"og:site_name\" content=\"Annette Welander\" \/>\n<meta property=\"article:publisher\" content=\"https:\/\/www.facebook.com\/AnnetteWelander\/\" \/>\n<meta property=\"article:modified_time\" content=\"2025-10-24T09:48:10+00:00\" \/>\n<meta property=\"og:image\" content=\"https:\/\/annettewelander.com\/wp-content\/uploads\/2020\/06\/5ARCRING-redNODIAMOND-LOW2.jpg\" \/>\n\t<meta property=\"og:image:width\" content=\"1426\" \/>\n\t<meta property=\"og:image:height\" content=\"2000\" \/>\n\t<meta property=\"og:image:type\" content=\"image\/jpeg\" \/>\n<meta name=\"twitter:card\" content=\"summary_large_image\" \/>\n<meta name=\"twitter:site\" content=\"@annettewelander\" \/>\n<meta name=\"twitter:label1\" content=\"Ber\u00e4knad l\u00e4stid\" \/>\n\t<meta name=\"twitter:data1\" content=\"5 minuter\" \/>\n<script type=\"application\/ld+json\" class=\"yoast-schema-graph\">{\"@context\":\"https:\/\/schema.org\",\"@graph\":[{\"@type\":\"WebPage\",\"@id\":\"https:\/\/annettewelander.com\/sustainability\/\",\"url\":\"https:\/\/annettewelander.com\/sustainability\/\",\"name\":\"Sustainability | Annette Welander\",\"isPartOf\":{\"@id\":\"https:\/\/annettewelander.com\/#website\"},\"datePublished\":\"2021-08-25T07:24:27+00:00\",\"dateModified\":\"2025-10-24T09:48:10+00:00\",\"breadcrumb\":{\"@id\":\"https:\/\/annettewelander.com\/sustainability\/#breadcrumb\"},\"inLanguage\":\"sv-SE\",\"potentialAction\":[{\"@type\":\"ReadAction\",\"target\":[\"https:\/\/annettewelander.com\/sustainability\/\"]}]},{\"@type\":\"BreadcrumbList\",\"@id\":\"https:\/\/annettewelander.com\/sustainability\/#breadcrumb\",\"itemListElement\":[{\"@type\":\"ListItem\",\"position\":1,\"name\":\"Home\",\"item\":\"https:\/\/annettewelander.com\/\"},{\"@type\":\"ListItem\",\"position\":2,\"name\":\"Sustainability\"}]},{\"@type\":\"WebSite\",\"@id\":\"https:\/\/annettewelander.com\/#website\",\"url\":\"https:\/\/annettewelander.com\/\",\"name\":\"Annette Welander\",\"description\":\"Contemporary Jewellery House\",\"publisher\":{\"@id\":\"https:\/\/annettewelander.com\/#organization\"},\"potentialAction\":[{\"@type\":\"SearchAction\",\"target\":{\"@type\":\"EntryPoint\",\"urlTemplate\":\"https:\/\/annettewelander.com\/?s={search_term_string}\"},\"query-input\":{\"@type\":\"PropertyValueSpecification\",\"valueRequired\":true,\"valueName\":\"search_term_string\"}}],\"inLanguage\":\"sv-SE\"},{\"@type\":\"Organization\",\"@id\":\"https:\/\/annettewelander.com\/#organization\",\"name\":\"Annette Welander\",\"url\":\"https:\/\/annettewelander.com\/\",\"logo\":{\"@type\":\"ImageObject\",\"inLanguage\":\"sv-SE\",\"@id\":\"https:\/\/annettewelander.com\/#\/schema\/logo\/image\/\",\"url\":\"https:\/\/annettewelander.com\/wp-content\/uploads\/2018\/08\/cropped-logobrowser.png\",\"contentUrl\":\"https:\/\/annettewelander.com\/wp-content\/uploads\/2018\/08\/cropped-logobrowser.png\",\"width\":512,\"height\":512,\"caption\":\"Annette Welander\"},\"image\":{\"@id\":\"https:\/\/annettewelander.com\/#\/schema\/logo\/image\/\"},\"sameAs\":[\"https:\/\/www.facebook.com\/AnnetteWelander\/\",\"https:\/\/x.com\/annettewelander\",\"https:\/\/www.instagram.com\/annettewelander\/\",\"https:\/\/www.pinterest.com\/annettewelander\/\",\"https:\/\/www.youtube.com\/channel\/UCee4klz8DKIvg_ZHMB0_yDA\",\"https:\/\/annettewelander.tumblr.com\"]}]}<\/script>\n<!-- \/ Yoast SEO plugin. -->","yoast_head_json":{"title":"Sustainability | Annette Welander","robots":{"index":"index","follow":"follow","max-snippet":"max-snippet:-1","max-image-preview":"max-image-preview:large","max-video-preview":"max-video-preview:-1"},"canonical":"https:\/\/annettewelander.com\/sv\/sustainability\/","og_locale":"sv_SE","og_type":"article","og_title":"Sustainability | Annette Welander","og_url":"https:\/\/annettewelander.com\/sv\/sustainability\/","og_site_name":"Annette Welander","article_publisher":"https:\/\/www.facebook.com\/AnnetteWelander\/","article_modified_time":"2025-10-24T09:48:10+00:00","og_image":[{"width":1426,"height":2000,"url":"https:\/\/annettewelander.com\/wp-content\/uploads\/2020\/06\/5ARCRING-redNODIAMOND-LOW2.jpg","type":"image\/jpeg"}],"twitter_card":"summary_large_image","twitter_site":"@annettewelander","twitter_misc":{"Ber\u00e4knad l\u00e4stid":"5 minuter"},"schema":{"@context":"https:\/\/schema.org","@graph":[{"@type":"WebPage","@id":"https:\/\/annettewelander.com\/sustainability\/","url":"https:\/\/annettewelander.com\/sustainability\/","name":"Sustainability | Annette Welander","isPartOf":{"@id":"https:\/\/annettewelander.com\/#website"},"datePublished":"2021-08-25T07:24:27+00:00","dateModified":"2025-10-24T09:48:10+00:00","breadcrumb":{"@id":"https:\/\/annettewelander.com\/sustainability\/#breadcrumb"},"inLanguage":"sv-SE","potentialAction":[{"@type":"ReadAction","target":["https:\/\/annettewelander.com\/sustainability\/"]}]},{"@type":"BreadcrumbList","@id":"https:\/\/annettewelander.com\/sustainability\/#breadcrumb","itemListElement":[{"@type":"ListItem","position":1,"name":"Home","item":"https:\/\/annettewelander.com\/"},{"@type":"ListItem","position":2,"name":"Sustainability"}]},{"@type":"WebSite","@id":"https:\/\/annettewelander.com\/#website","url":"https:\/\/annettewelander.com\/","name":"Annette Welander","description":"Contemporary Jewellery House","publisher":{"@id":"https:\/\/annettewelander.com\/#organization"},"potentialAction":[{"@type":"SearchAction","target":{"@type":"EntryPoint","urlTemplate":"https:\/\/annettewelander.com\/?s={search_term_string}"},"query-input":{"@type":"PropertyValueSpecification","valueRequired":true,"valueName":"search_term_string"}}],"inLanguage":"sv-SE"},{"@type":"Organization","@id":"https:\/\/annettewelander.com\/#organization","name":"Annette Welander","url":"https:\/\/annettewelander.com\/","logo":{"@type":"ImageObject","inLanguage":"sv-SE","@id":"https:\/\/annettewelander.com\/#\/schema\/logo\/image\/","url":"https:\/\/annettewelander.com\/wp-content\/uploads\/2018\/08\/cropped-logobrowser.png","contentUrl":"https:\/\/annettewelander.com\/wp-content\/uploads\/2018\/08\/cropped-logobrowser.png","width":512,"height":512,"caption":"Annette Welander"},"image":{"@id":"https:\/\/annettewelander.com\/#\/schema\/logo\/image\/"},"sameAs":["https:\/\/www.facebook.com\/AnnetteWelander\/","https:\/\/x.com\/annettewelander","https:\/\/www.instagram.com\/annettewelander\/","https:\/\/www.pinterest.com\/annettewelander\/","https:\/\/www.youtube.com\/channel\/UCee4klz8DKIvg_ZHMB0_yDA","https:\/\/annettewelander.tumblr.com"]}]}},"_links":{"self":[{"href":"https:\/\/annettewelander.com\/sv\/wp-json\/wp\/v2\/pages\/78217","targetHints":{"allow":["GET"]}}],"collection":[{"href":"https:\/\/annettewelander.com\/sv\/wp-json\/wp\/v2\/pages"}],"about":[{"href":"https:\/\/annettewelander.com\/sv\/wp-json\/wp\/v2\/types\/page"}],"author":[{"embeddable":true,"href":"https:\/\/annettewelander.com\/sv\/wp-json\/wp\/v2\/users\/2"}],"replies":[{"embeddable":true,"href":"https:\/\/annettewelander.com\/sv\/wp-json\/wp\/v2\/comments?post=78217"}],"version-history":[{"count":31,"href":"https:\/\/annettewelander.com\/sv\/wp-json\/wp\/v2\/pages\/78217\/revisions"}],"predecessor-version":[{"id":79559,"href":"https:\/\/annettewelander.com\/sv\/wp-json\/wp\/v2\/pages\/78217\/revisions\/79559"}],"wp:attachment":[{"href":"https:\/\/annettewelander.com\/sv\/wp-json\/wp\/v2\/media?parent=78217"}],"curies":[{"name":"wp","href":"https:\/\/api.w.org\/{rel}","templated":true}]}}