{"id":73860,"date":"2018-09-05T09:30:53","date_gmt":"2018-09-05T07:30:53","guid":{"rendered":"https:\/\/annettewelander.com\/?page_id=73860"},"modified":"2018-09-13T10:48:36","modified_gmt":"2018-09-13T08:48:36","slug":"cart2","status":"publish","type":"page","link":"https:\/\/annettewelander.com\/sv\/cart2\/","title":{"rendered":"cart2"},"content":{"rendered":"<div class=\"wpb-content-wrapper\"><div data-parent=\"true\" class=\"vc_row row-container boomapps_vcrow\" id=\"row-unique-0\"><div class=\"row unequal col-no-gutter no-top-padding no-bottom-padding no-h-padding full-width row-parent\"><div class=\"wpb_row row-inner\"><div class=\"wpb_column pos-top pos-left align_left column_parent col-lg-3 boomapps_vccolumn single-internal-gutter\"><div class=\"uncol style-light\"  ><div class=\"uncoltable\"><div class=\"uncell  boomapps_vccolumn double-block-padding style-color-xsdn-bg\" ><div class=\"uncont\" ><div class=\"vc_custom_heading_wrap\"><div class=\"heading-text el-text\" ><h2 class=\"font-762333 h2 font-weight-200\" ><span>My Acoount<\/span><\/h2><\/div><div class=\"clear\"><\/div><\/div><div class=\"divider-wrapper\"  >\n    <hr class=\"border-default-color separator-no-padding\"  \/>\n<\/div>\n<div class=\"vc_custom_heading_wrap\"><div class=\"heading-text el-text\" ><p class=\"h6 fontheight-357766 fontspace-781688 font-weight-300 text-color-wvjs-color\" ><span>Welcome to your personal profile. From here you\u00a0will be able to customize your profile, access to your cart, make purchases, and subscribe to our newsletters.<\/p><\/span><span><p>&nbsp;<\/p><\/span><span><p>Please contact us if you have any questions or concerns<\/p><\/span><span><p>&nbsp;<\/p><\/span><span><p><a href=\"mailto:customerservice@annettewelander.com\">customerservice@annettewelander.com<\/a><\/span><\/p><\/div><div class=\"clear\"><\/div><\/div><div class=\"vc_wp_custommenu wpb_content_element\"  data-id=\"1\"><div class=\"widget widget_nav_menu\"><div class=\"menu-footer-1-container\"><ul id=\"menu-footer-1\" class=\"menu\"><li id=\"menu-item-78080\" class=\"menu-item menu-item-type-post_type menu-item-object-page menu-item-78080\"><a href=\"https:\/\/annettewelander.com\/sv\/contact\/\">Kontakta oss<\/a><\/li>\n<li id=\"menu-item-78098\" class=\"menu-item menu-item-type-post_type menu-item-object-page menu-item-78098\"><a href=\"https:\/\/annettewelander.com\/sv\/about\/\">OM OSS<\/a><\/li>\n<li id=\"menu-item-78401\" class=\"menu-item menu-item-type-post_type menu-item-object-page menu-item-78401\"><a href=\"https:\/\/annettewelander.com\/sv\/pressbook\/\">PRESS<\/a><\/li>\n<li id=\"menu-item-78101\" class=\"menu-item menu-item-type-post_type menu-item-object-page menu-item-78101\"><a href=\"https:\/\/annettewelander.com\/sv\/store-locator\/\">\u00c5TERF\u00d6RS\u00c4LJARE<\/a><\/li>\n<li id=\"menu-item-78221\" class=\"menu-item menu-item-type-post_type menu-item-object-page menu-item-78221\"><a href=\"https:\/\/annettewelander.com\/sv\/sustainability\/\">H\u00e5llbarhet<\/a><\/li>\n<li id=\"menu-item-78186\" class=\"menu-item menu-item-type-post_type menu-item-object-page menu-item-78186\"><a href=\"https:\/\/annettewelander.com\/sv\/bespoke-creations\/\">Skr\u00e4ddarsydda skapelser<\/a><\/li>\n<\/ul><\/div><\/div><\/div><\/div><\/div><\/div><\/div><\/div><div class=\"wpb_column pos-top pos-left align_left column_parent col-lg-9 boomapps_vccolumn single-internal-gutter\"><div class=\"uncol style-light\"  ><div class=\"uncoltable\"><div class=\"uncell  boomapps_vccolumn double-block-padding style-color-lxmt-bg\" ><div class=\"uncont\" ><div class=\"vc_custom_heading_wrap\"><div class=\"heading-text el-text\" ><h2 class=\"font-762333 h2 font-weight-200\" ><span>My cart<\/span><\/h2><\/div><div class=\"clear\"><\/div><\/div><\/div><\/div><\/div><\/div><\/div><script id=\"script-row-unique-0\" data-row=\"script-row-unique-0\" type=\"text\/javascript\" class=\"vc_controls\">UNCODE.initRow(document.getElementById(\"row-unique-0\"));<\/script><\/div><\/div><\/div>\n<\/div>","protected":false},"excerpt":{"rendered":"My Acoount Welcome to your personal profile. From here you\u00a0will be able to customize your profile, access to your cart, [...]","protected":false},"author":2,"featured_media":0,"parent":0,"menu_order":0,"comment_status":"closed","ping_status":"closed","template":"","meta":{"_acf_changed":false,"footnotes":""},"class_list":["post-73860","page","type-page","status-publish","hentry"],"acf":[],"yoast_head":"<!-- This site is optimized with the Yoast SEO plugin v26.8 - https:\/\/yoast.com\/product\/yoast-seo-wordpress\/ -->\n<title>cart2 | Annette Welander<\/title>\n<meta name=\"robots\" content=\"index, follow, max-snippet:-1, max-image-preview:large, max-video-preview:-1\" \/>\n<link rel=\"canonical\" href=\"https:\/\/annettewelander.com\/sv\/cart2\/\" \/>\n<meta property=\"og:locale\" content=\"sv_SE\" \/>\n<meta property=\"og:type\" content=\"article\" \/>\n<meta property=\"og:title\" content=\"cart2 | Annette Welander\" \/>\n<meta property=\"og:url\" content=\"https:\/\/annettewelander.com\/sv\/cart2\/\" \/>\n<meta property=\"og:site_name\" content=\"Annette Welander\" \/>\n<meta property=\"article:publisher\" content=\"https:\/\/www.facebook.com\/AnnetteWelander\/\" \/>\n<meta property=\"article:modified_time\" content=\"2018-09-13T08:48:36+00:00\" \/>\n<meta property=\"og:image\" content=\"https:\/\/annettewelander.com\/wp-content\/uploads\/2020\/06\/5ARCRING-redNODIAMOND-LOW2.jpg\" \/>\n\t<meta property=\"og:image:width\" content=\"1426\" \/>\n\t<meta property=\"og:image:height\" content=\"2000\" \/>\n\t<meta property=\"og:image:type\" content=\"image\/jpeg\" \/>\n<meta name=\"twitter:card\" content=\"summary_large_image\" \/>\n<meta name=\"twitter:site\" content=\"@annettewelander\" \/>\n<meta name=\"twitter:label1\" content=\"Ber\u00e4knad l\u00e4stid\" \/>\n\t<meta name=\"twitter:data1\" content=\"1 minut\" \/>\n<script type=\"application\/ld+json\" class=\"yoast-schema-graph\">{\"@context\":\"https:\/\/schema.org\",\"@graph\":[{\"@type\":\"WebPage\",\"@id\":\"https:\/\/annettewelander.com\/cart2\/\",\"url\":\"https:\/\/annettewelander.com\/cart2\/\",\"name\":\"cart2 | Annette Welander\",\"isPartOf\":{\"@id\":\"https:\/\/annettewelander.com\/#website\"},\"datePublished\":\"2018-09-05T07:30:53+00:00\",\"dateModified\":\"2018-09-13T08:48:36+00:00\",\"breadcrumb\":{\"@id\":\"https:\/\/annettewelander.com\/cart2\/#breadcrumb\"},\"inLanguage\":\"sv-SE\",\"potentialAction\":[{\"@type\":\"ReadAction\",\"target\":[\"https:\/\/annettewelander.com\/cart2\/\"]}]},{\"@type\":\"BreadcrumbList\",\"@id\":\"https:\/\/annettewelander.com\/cart2\/#breadcrumb\",\"itemListElement\":[{\"@type\":\"ListItem\",\"position\":1,\"name\":\"Home\",\"item\":\"https:\/\/annettewelander.com\/\"},{\"@type\":\"ListItem\",\"position\":2,\"name\":\"cart2\"}]},{\"@type\":\"WebSite\",\"@id\":\"https:\/\/annettewelander.com\/#website\",\"url\":\"https:\/\/annettewelander.com\/\",\"name\":\"Annette Welander\",\"description\":\"Contemporary Jewellery House\",\"publisher\":{\"@id\":\"https:\/\/annettewelander.com\/#organization\"},\"potentialAction\":[{\"@type\":\"SearchAction\",\"target\":{\"@type\":\"EntryPoint\",\"urlTemplate\":\"https:\/\/annettewelander.com\/?s={search_term_string}\"},\"query-input\":{\"@type\":\"PropertyValueSpecification\",\"valueRequired\":true,\"valueName\":\"search_term_string\"}}],\"inLanguage\":\"sv-SE\"},{\"@type\":\"Organization\",\"@id\":\"https:\/\/annettewelander.com\/#organization\",\"name\":\"Annette Welander\",\"url\":\"https:\/\/annettewelander.com\/\",\"logo\":{\"@type\":\"ImageObject\",\"inLanguage\":\"sv-SE\",\"@id\":\"https:\/\/annettewelander.com\/#\/schema\/logo\/image\/\",\"url\":\"https:\/\/annettewelander.com\/wp-content\/uploads\/2018\/08\/cropped-logobrowser.png\",\"contentUrl\":\"https:\/\/annettewelander.com\/wp-content\/uploads\/2018\/08\/cropped-logobrowser.png\",\"width\":512,\"height\":512,\"caption\":\"Annette Welander\"},\"image\":{\"@id\":\"https:\/\/annettewelander.com\/#\/schema\/logo\/image\/\"},\"sameAs\":[\"https:\/\/www.facebook.com\/AnnetteWelander\/\",\"https:\/\/x.com\/annettewelander\",\"https:\/\/www.instagram.com\/annettewelander\/\",\"https:\/\/www.pinterest.com\/annettewelander\/\",\"https:\/\/www.youtube.com\/channel\/UCee4klz8DKIvg_ZHMB0_yDA\",\"https:\/\/annettewelander.tumblr.com\"]}]}<\/script>\n<!-- \/ Yoast SEO plugin. -->","yoast_head_json":{"title":"cart2 | Annette Welander","robots":{"index":"index","follow":"follow","max-snippet":"max-snippet:-1","max-image-preview":"max-image-preview:large","max-video-preview":"max-video-preview:-1"},"canonical":"https:\/\/annettewelander.com\/sv\/cart2\/","og_locale":"sv_SE","og_type":"article","og_title":"cart2 | Annette Welander","og_url":"https:\/\/annettewelander.com\/sv\/cart2\/","og_site_name":"Annette Welander","article_publisher":"https:\/\/www.facebook.com\/AnnetteWelander\/","article_modified_time":"2018-09-13T08:48:36+00:00","og_image":[{"width":1426,"height":2000,"url":"https:\/\/annettewelander.com\/wp-content\/uploads\/2020\/06\/5ARCRING-redNODIAMOND-LOW2.jpg","type":"image\/jpeg"}],"twitter_card":"summary_large_image","twitter_site":"@annettewelander","twitter_misc":{"Ber\u00e4knad l\u00e4stid":"1 minut"},"schema":{"@context":"https:\/\/schema.org","@graph":[{"@type":"WebPage","@id":"https:\/\/annettewelander.com\/cart2\/","url":"https:\/\/annettewelander.com\/cart2\/","name":"cart2 | Annette Welander","isPartOf":{"@id":"https:\/\/annettewelander.com\/#website"},"datePublished":"2018-09-05T07:30:53+00:00","dateModified":"2018-09-13T08:48:36+00:00","breadcrumb":{"@id":"https:\/\/annettewelander.com\/cart2\/#breadcrumb"},"inLanguage":"sv-SE","potentialAction":[{"@type":"ReadAction","target":["https:\/\/annettewelander.com\/cart2\/"]}]},{"@type":"BreadcrumbList","@id":"https:\/\/annettewelander.com\/cart2\/#breadcrumb","itemListElement":[{"@type":"ListItem","position":1,"name":"Home","item":"https:\/\/annettewelander.com\/"},{"@type":"ListItem","position":2,"name":"cart2"}]},{"@type":"WebSite","@id":"https:\/\/annettewelander.com\/#website","url":"https:\/\/annettewelander.com\/","name":"Annette Welander","description":"Contemporary Jewellery House","publisher":{"@id":"https:\/\/annettewelander.com\/#organization"},"potentialAction":[{"@type":"SearchAction","target":{"@type":"EntryPoint","urlTemplate":"https:\/\/annettewelander.com\/?s={search_term_string}"},"query-input":{"@type":"PropertyValueSpecification","valueRequired":true,"valueName":"search_term_string"}}],"inLanguage":"sv-SE"},{"@type":"Organization","@id":"https:\/\/annettewelander.com\/#organization","name":"Annette Welander","url":"https:\/\/annettewelander.com\/","logo":{"@type":"ImageObject","inLanguage":"sv-SE","@id":"https:\/\/annettewelander.com\/#\/schema\/logo\/image\/","url":"https:\/\/annettewelander.com\/wp-content\/uploads\/2018\/08\/cropped-logobrowser.png","contentUrl":"https:\/\/annettewelander.com\/wp-content\/uploads\/2018\/08\/cropped-logobrowser.png","width":512,"height":512,"caption":"Annette Welander"},"image":{"@id":"https:\/\/annettewelander.com\/#\/schema\/logo\/image\/"},"sameAs":["https:\/\/www.facebook.com\/AnnetteWelander\/","https:\/\/x.com\/annettewelander","https:\/\/www.instagram.com\/annettewelander\/","https:\/\/www.pinterest.com\/annettewelander\/","https:\/\/www.youtube.com\/channel\/UCee4klz8DKIvg_ZHMB0_yDA","https:\/\/annettewelander.tumblr.com"]}]}},"_links":{"self":[{"href":"https:\/\/annettewelander.com\/sv\/wp-json\/wp\/v2\/pages\/73860","targetHints":{"allow":["GET"]}}],"collection":[{"href":"https:\/\/annettewelander.com\/sv\/wp-json\/wp\/v2\/pages"}],"about":[{"href":"https:\/\/annettewelander.com\/sv\/wp-json\/wp\/v2\/types\/page"}],"author":[{"embeddable":true,"href":"https:\/\/annettewelander.com\/sv\/wp-json\/wp\/v2\/users\/2"}],"replies":[{"embeddable":true,"href":"https:\/\/annettewelander.com\/sv\/wp-json\/wp\/v2\/comments?post=73860"}],"version-history":[{"count":9,"href":"https:\/\/annettewelander.com\/sv\/wp-json\/wp\/v2\/pages\/73860\/revisions"}],"predecessor-version":[{"id":73877,"href":"https:\/\/annettewelander.com\/sv\/wp-json\/wp\/v2\/pages\/73860\/revisions\/73877"}],"wp:attachment":[{"href":"https:\/\/annettewelander.com\/sv\/wp-json\/wp\/v2\/media?parent=73860"}],"curies":[{"name":"wp","href":"https:\/\/api.w.org\/{rel}","templated":true}]}}