{"id":73696,"date":"2018-09-04T08:56:50","date_gmt":"2018-09-04T06:56:50","guid":{"rendered":"https:\/\/annettewelander.com\/?page_id=73696"},"modified":"2022-08-25T11:07:29","modified_gmt":"2022-08-25T09:07:29","slug":"customer-information","status":"publish","type":"page","link":"https:\/\/annettewelander.com\/sv\/customer-information\/","title":{"rendered":"Customer Information"},"content":{"rendered":"<div class=\"wpb-content-wrapper\"><div data-parent=\"true\" class=\"vc_row info-pages-row row-container boomapps_vcrow\" id=\"row-unique-0\"><div class=\"row unequal col-no-gutter no-top-padding no-bottom-padding no-h-padding full-width row-parent\"><div class=\"wpb_row row-inner\"><div class=\"wpb_column pos-top pos-left align_left column_parent col-lg-3 sidebar-move  boomapps_vccolumn single-internal-gutter\"><div class=\"uncol style-light\"  ><div class=\"uncoltable\"><div class=\"uncell  boomapps_vccolumn double-block-padding style-color-xsdn-bg\" ><div class=\"uncont\" ><div class=\"uncode_text_column\" ><div class=\"vc_custom_heading_wrap\"><div class=\"heading-text el-text\" ><h2 class=\"font-762333 h2 font-weight-200\" ><span>CUSTOMER INFORMATION<\/span><\/h2><\/div><div class=\"clear\"><\/div><\/div>\n<p>&nbsp;<\/p>\n<div class=\"divider-wrapper\"  >\n    <hr class=\"border-default-color separator-no-padding\"  \/>\n<\/div>\n<div class=\"vc_wp_custommenu wpb_content_element\"  data-id=\"1\"><div class=\"widget widget_nav_menu\"><div class=\"menu-footer-1-container\"><ul id=\"menu-footer-1\" class=\"menu\"><li id=\"menu-item-78080\" class=\"menu-item menu-item-type-post_type menu-item-object-page menu-item-78080\"><a href=\"https:\/\/annettewelander.com\/sv\/contact\/\">Kontakta oss<\/a><\/li>\n<li id=\"menu-item-78098\" class=\"menu-item menu-item-type-post_type menu-item-object-page menu-item-78098\"><a href=\"https:\/\/annettewelander.com\/sv\/about\/\">OM OSS<\/a><\/li>\n<li id=\"menu-item-78401\" class=\"menu-item menu-item-type-post_type menu-item-object-page menu-item-78401\"><a href=\"https:\/\/annettewelander.com\/sv\/pressbook\/\">PRESS<\/a><\/li>\n<li id=\"menu-item-78101\" class=\"menu-item menu-item-type-post_type menu-item-object-page menu-item-78101\"><a href=\"https:\/\/annettewelander.com\/sv\/store-locator\/\">\u00c5TERF\u00d6RS\u00c4LJARE<\/a><\/li>\n<li id=\"menu-item-78221\" class=\"menu-item menu-item-type-post_type menu-item-object-page menu-item-78221\"><a href=\"https:\/\/annettewelander.com\/sv\/sustainability\/\">H\u00e5llbarhet<\/a><\/li>\n<li id=\"menu-item-78186\" class=\"menu-item menu-item-type-post_type menu-item-object-page menu-item-78186\"><a href=\"https:\/\/annettewelander.com\/sv\/bespoke-creations\/\">Skr\u00e4ddarsydda skapelser<\/a><\/li>\n<\/ul><\/div><\/div><\/div>\n<\/div><\/div><\/div><\/div><\/div><\/div><div class=\"wpb_column pos-top pos-left align_left column_parent col-lg-9 info-content boomapps_vccolumn single-internal-gutter\"><div class=\"uncol style-light\"  ><div class=\"uncoltable\"><div class=\"uncell  boomapps_vccolumn no-block-padding\" ><div class=\"column-background background-element\">\n\t\t\t\t\t\t\t\t\t\t\t<div class=\"background-wrapper\">\n\t\t\t\t\t\t\t\t\t\t\t\t<div class=\"background-inner\" style=\"background-image: url(https:\/\/annettewelander.com\/wp-content\/uploads\/2020\/10\/RingGuide_BG.jpg);background-repeat: no-repeat;background-position: center center;background-attachment: fixed;background-size: cover;\" data-o_src=\"https:\/\/annettewelander.com\/wp-content\/uploads\/2020\/10\/RingGuide_BG.jpg\"><\/div>\n\t\t\t\t\t\t\t\t\t\t\t\t\n\t\t\t\t\t\t\t\t\t\t\t<\/div>\n\t\t\t\t\t\t\t\t\t\t<\/div><div class=\"uncont\" ><div class=\"vc_row row-internal row-container boomapps_vcrow\"><div class=\"row row-child\"><div class=\"wpb_row row-inner\"><div class=\"wpb_column pos-top pos-center align_left column_child col-lg-12 ring-image-1 boomapps_vccolumn single-internal-gutter\"><div class=\"uncol style-light\" ><div class=\"uncoltable\"><div class=\"uncell  boomapps_vccolumn no-block-padding\" ><div class=\"uncont\" ><div class=\"uncode-single-media  text-left\"><div class=\"single-wrapper\" style=\"max-width: 100%;\"><div class=\"tmb tmb-light  tmb-media-first tmb-media-last tmb-content-overlay tmb-no-bg\"><div class=\"t-inside\"><div class=\"t-entry-visual\"><div class=\"t-entry-visual-tc\"><div class=\"uncode-single-media-wrapper\"><div class=\"fluid-svg\"><span id=\"icon-197247\" style=\"width:1966px\" class=\"icon-media\"><img decoding=\"async\" src=\"https:\/\/annettewelander.com\/wp-content\/uploads\/2020\/10\/RingGuide_text4-1.svg\" alt=\"\"><\/span><\/div><\/div>\n\t\t\t\t\t<\/div>\n\t\t\t\t<\/div><\/div><\/div><\/div><\/div><\/div><\/div><\/div><\/div><\/div><\/div><\/div><\/div><\/div><\/div><\/div><\/div><\/div><script id=\"script-row-unique-0\" data-row=\"script-row-unique-0\" type=\"text\/javascript\" class=\"vc_controls\">UNCODE.initRow(document.getElementById(\"row-unique-0\"));<\/script><\/div><\/div><\/div>\n<\/div>","protected":false},"excerpt":{"rendered":"CUSTOMER INFORMATION &nbsp; Contact About Press &#038; Awards Store locator Sustainability Bespoke Creations","protected":false},"author":2,"featured_media":0,"parent":0,"menu_order":0,"comment_status":"closed","ping_status":"closed","template":"","meta":{"_acf_changed":false,"footnotes":""},"class_list":["post-73696","page","type-page","status-publish","hentry"],"acf":[],"yoast_head":"<!-- This site is optimized with the Yoast SEO plugin v26.8 - https:\/\/yoast.com\/product\/yoast-seo-wordpress\/ -->\n<title>Customer Information | Annette Welander<\/title>\n<meta name=\"robots\" content=\"index, follow, max-snippet:-1, max-image-preview:large, max-video-preview:-1\" \/>\n<link rel=\"canonical\" href=\"https:\/\/annettewelander.com\/sv\/customer-information\/\" \/>\n<meta property=\"og:locale\" content=\"sv_SE\" \/>\n<meta property=\"og:type\" content=\"article\" \/>\n<meta property=\"og:title\" content=\"Customer Information | Annette Welander\" \/>\n<meta property=\"og:url\" content=\"https:\/\/annettewelander.com\/sv\/customer-information\/\" \/>\n<meta property=\"og:site_name\" content=\"Annette Welander\" \/>\n<meta property=\"article:publisher\" content=\"https:\/\/www.facebook.com\/AnnetteWelander\/\" \/>\n<meta property=\"article:modified_time\" content=\"2022-08-25T09:07:29+00:00\" \/>\n<meta property=\"og:image\" content=\"https:\/\/annettewelander.com\/wp-content\/uploads\/2020\/06\/5ARCRING-redNODIAMOND-LOW2.jpg\" \/>\n\t<meta property=\"og:image:width\" content=\"1426\" \/>\n\t<meta property=\"og:image:height\" content=\"2000\" \/>\n\t<meta property=\"og:image:type\" content=\"image\/jpeg\" \/>\n<meta name=\"twitter:card\" content=\"summary_large_image\" \/>\n<meta name=\"twitter:site\" content=\"@annettewelander\" \/>\n<meta name=\"twitter:label1\" content=\"Ber\u00e4knad l\u00e4stid\" \/>\n\t<meta name=\"twitter:data1\" content=\"1 minut\" \/>\n<script type=\"application\/ld+json\" class=\"yoast-schema-graph\">{\"@context\":\"https:\/\/schema.org\",\"@graph\":[{\"@type\":\"WebPage\",\"@id\":\"https:\/\/annettewelander.com\/customer-information\/\",\"url\":\"https:\/\/annettewelander.com\/customer-information\/\",\"name\":\"Customer Information | Annette Welander\",\"isPartOf\":{\"@id\":\"https:\/\/annettewelander.com\/#website\"},\"datePublished\":\"2018-09-04T06:56:50+00:00\",\"dateModified\":\"2022-08-25T09:07:29+00:00\",\"breadcrumb\":{\"@id\":\"https:\/\/annettewelander.com\/customer-information\/#breadcrumb\"},\"inLanguage\":\"sv-SE\",\"potentialAction\":[{\"@type\":\"ReadAction\",\"target\":[\"https:\/\/annettewelander.com\/customer-information\/\"]}]},{\"@type\":\"BreadcrumbList\",\"@id\":\"https:\/\/annettewelander.com\/customer-information\/#breadcrumb\",\"itemListElement\":[{\"@type\":\"ListItem\",\"position\":1,\"name\":\"Home\",\"item\":\"https:\/\/annettewelander.com\/\"},{\"@type\":\"ListItem\",\"position\":2,\"name\":\"Customer Information\"}]},{\"@type\":\"WebSite\",\"@id\":\"https:\/\/annettewelander.com\/#website\",\"url\":\"https:\/\/annettewelander.com\/\",\"name\":\"Annette Welander\",\"description\":\"Contemporary Jewellery House\",\"publisher\":{\"@id\":\"https:\/\/annettewelander.com\/#organization\"},\"potentialAction\":[{\"@type\":\"SearchAction\",\"target\":{\"@type\":\"EntryPoint\",\"urlTemplate\":\"https:\/\/annettewelander.com\/?s={search_term_string}\"},\"query-input\":{\"@type\":\"PropertyValueSpecification\",\"valueRequired\":true,\"valueName\":\"search_term_string\"}}],\"inLanguage\":\"sv-SE\"},{\"@type\":\"Organization\",\"@id\":\"https:\/\/annettewelander.com\/#organization\",\"name\":\"Annette Welander\",\"url\":\"https:\/\/annettewelander.com\/\",\"logo\":{\"@type\":\"ImageObject\",\"inLanguage\":\"sv-SE\",\"@id\":\"https:\/\/annettewelander.com\/#\/schema\/logo\/image\/\",\"url\":\"https:\/\/annettewelander.com\/wp-content\/uploads\/2018\/08\/cropped-logobrowser.png\",\"contentUrl\":\"https:\/\/annettewelander.com\/wp-content\/uploads\/2018\/08\/cropped-logobrowser.png\",\"width\":512,\"height\":512,\"caption\":\"Annette Welander\"},\"image\":{\"@id\":\"https:\/\/annettewelander.com\/#\/schema\/logo\/image\/\"},\"sameAs\":[\"https:\/\/www.facebook.com\/AnnetteWelander\/\",\"https:\/\/x.com\/annettewelander\",\"https:\/\/www.instagram.com\/annettewelander\/\",\"https:\/\/www.pinterest.com\/annettewelander\/\",\"https:\/\/www.youtube.com\/channel\/UCee4klz8DKIvg_ZHMB0_yDA\",\"https:\/\/annettewelander.tumblr.com\"]}]}<\/script>\n<!-- \/ Yoast SEO plugin. -->","yoast_head_json":{"title":"Customer Information | Annette Welander","robots":{"index":"index","follow":"follow","max-snippet":"max-snippet:-1","max-image-preview":"max-image-preview:large","max-video-preview":"max-video-preview:-1"},"canonical":"https:\/\/annettewelander.com\/sv\/customer-information\/","og_locale":"sv_SE","og_type":"article","og_title":"Customer Information | Annette Welander","og_url":"https:\/\/annettewelander.com\/sv\/customer-information\/","og_site_name":"Annette Welander","article_publisher":"https:\/\/www.facebook.com\/AnnetteWelander\/","article_modified_time":"2022-08-25T09:07:29+00:00","og_image":[{"width":1426,"height":2000,"url":"https:\/\/annettewelander.com\/wp-content\/uploads\/2020\/06\/5ARCRING-redNODIAMOND-LOW2.jpg","type":"image\/jpeg"}],"twitter_card":"summary_large_image","twitter_site":"@annettewelander","twitter_misc":{"Ber\u00e4knad l\u00e4stid":"1 minut"},"schema":{"@context":"https:\/\/schema.org","@graph":[{"@type":"WebPage","@id":"https:\/\/annettewelander.com\/customer-information\/","url":"https:\/\/annettewelander.com\/customer-information\/","name":"Customer Information | Annette Welander","isPartOf":{"@id":"https:\/\/annettewelander.com\/#website"},"datePublished":"2018-09-04T06:56:50+00:00","dateModified":"2022-08-25T09:07:29+00:00","breadcrumb":{"@id":"https:\/\/annettewelander.com\/customer-information\/#breadcrumb"},"inLanguage":"sv-SE","potentialAction":[{"@type":"ReadAction","target":["https:\/\/annettewelander.com\/customer-information\/"]}]},{"@type":"BreadcrumbList","@id":"https:\/\/annettewelander.com\/customer-information\/#breadcrumb","itemListElement":[{"@type":"ListItem","position":1,"name":"Home","item":"https:\/\/annettewelander.com\/"},{"@type":"ListItem","position":2,"name":"Customer Information"}]},{"@type":"WebSite","@id":"https:\/\/annettewelander.com\/#website","url":"https:\/\/annettewelander.com\/","name":"Annette Welander","description":"Contemporary Jewellery House","publisher":{"@id":"https:\/\/annettewelander.com\/#organization"},"potentialAction":[{"@type":"SearchAction","target":{"@type":"EntryPoint","urlTemplate":"https:\/\/annettewelander.com\/?s={search_term_string}"},"query-input":{"@type":"PropertyValueSpecification","valueRequired":true,"valueName":"search_term_string"}}],"inLanguage":"sv-SE"},{"@type":"Organization","@id":"https:\/\/annettewelander.com\/#organization","name":"Annette Welander","url":"https:\/\/annettewelander.com\/","logo":{"@type":"ImageObject","inLanguage":"sv-SE","@id":"https:\/\/annettewelander.com\/#\/schema\/logo\/image\/","url":"https:\/\/annettewelander.com\/wp-content\/uploads\/2018\/08\/cropped-logobrowser.png","contentUrl":"https:\/\/annettewelander.com\/wp-content\/uploads\/2018\/08\/cropped-logobrowser.png","width":512,"height":512,"caption":"Annette Welander"},"image":{"@id":"https:\/\/annettewelander.com\/#\/schema\/logo\/image\/"},"sameAs":["https:\/\/www.facebook.com\/AnnetteWelander\/","https:\/\/x.com\/annettewelander","https:\/\/www.instagram.com\/annettewelander\/","https:\/\/www.pinterest.com\/annettewelander\/","https:\/\/www.youtube.com\/channel\/UCee4klz8DKIvg_ZHMB0_yDA","https:\/\/annettewelander.tumblr.com"]}]}},"_links":{"self":[{"href":"https:\/\/annettewelander.com\/sv\/wp-json\/wp\/v2\/pages\/73696","targetHints":{"allow":["GET"]}}],"collection":[{"href":"https:\/\/annettewelander.com\/sv\/wp-json\/wp\/v2\/pages"}],"about":[{"href":"https:\/\/annettewelander.com\/sv\/wp-json\/wp\/v2\/types\/page"}],"author":[{"embeddable":true,"href":"https:\/\/annettewelander.com\/sv\/wp-json\/wp\/v2\/users\/2"}],"replies":[{"embeddable":true,"href":"https:\/\/annettewelander.com\/sv\/wp-json\/wp\/v2\/comments?post=73696"}],"version-history":[{"count":24,"href":"https:\/\/annettewelander.com\/sv\/wp-json\/wp\/v2\/pages\/73696\/revisions"}],"predecessor-version":[{"id":78450,"href":"https:\/\/annettewelander.com\/sv\/wp-json\/wp\/v2\/pages\/73696\/revisions\/78450"}],"wp:attachment":[{"href":"https:\/\/annettewelander.com\/sv\/wp-json\/wp\/v2\/media?parent=73696"}],"curies":[{"name":"wp","href":"https:\/\/api.w.org\/{rel}","templated":true}]}}