{"id":73225,"date":"2018-08-27T11:24:10","date_gmt":"2018-08-27T09:24:10","guid":{"rendered":"https:\/\/annettewelander.com\/?page_id=73225"},"modified":"2025-03-27T14:38:34","modified_gmt":"2025-03-27T13:38:34","slug":"the-house","status":"publish","type":"page","link":"https:\/\/annettewelander.com\/sv\/the-house\/","title":{"rendered":"Designhuset"},"content":{"rendered":"<div class=\"wpb-content-wrapper\"><div data-parent=\"true\" class=\"vc_row vc_custom_1741726481540 border-color-xsdn-color row-container boomapps_vcrow\" style=\"margin-top: 0px ;border-bottom-width: 0px ;padding-top: 0px ;padding-bottom: 0px ;\" id=\"row-unique-0\"><div class=\"row unequal col-no-gutter no-top-padding no-bottom-padding no-h-padding full-width row-parent\" data-height-ratio=\"1\"><div class=\"wpb_row row-inner\"><div class=\"wpb_column pos-top pos-center align_left column_parent col-lg-6 boomapps_vccolumn single-internal-gutter\"><div class=\"uncol style-light\"  ><div class=\"uncoltable\"><div class=\"uncell  boomapps_vccolumn no-block-padding\" ><div class=\"uncont\" ><div class=\"uncode-single-media  text-left\"><div class=\"single-wrapper\" style=\"max-width: 100%;\"><div class=\"tmb tmb-light  tmb-media-first tmb-media-last tmb-content-overlay tmb-no-bg\"><div class=\"t-inside\"><div class=\"t-entry-visual\"><div class=\"t-entry-visual-tc\"><div class=\"uncode-single-media-wrapper\"><img decoding=\"async\" class=\"wp-image-79052\" src=\"https:\/\/annettewelander.com\/wp-content\/uploads\/2025\/03\/Stockholm_750x600.jpg\" width=\"750\" height=\"600\" alt=\"Beskuren_Stockholmsbild_750x600\" srcset=\"https:\/\/annettewelander.com\/wp-content\/uploads\/2025\/03\/Stockholm_750x600.jpg 750w, https:\/\/annettewelander.com\/wp-content\/uploads\/2025\/03\/Stockholm_750x600-500x400.jpg 500w, https:\/\/annettewelander.com\/wp-content\/uploads\/2025\/03\/Stockholm_750x600-15x12.jpg 15w, https:\/\/annettewelander.com\/wp-content\/uploads\/2025\/03\/Stockholm_750x600-350x280.jpg 350w, https:\/\/annettewelander.com\/wp-content\/uploads\/2025\/03\/Stockholm_750x600-300x240.jpg 300w\" sizes=\"(max-width: 750px) 100vw, 750px\" \/><\/div>\n\t\t\t\t\t<\/div>\n\t\t\t\t<\/div><\/div><\/div><\/div><\/div><\/div><\/div><\/div><\/div><\/div><div class=\"wpb_column pos-top pos-center align_left column_parent col-lg-6 boomapps_vccolumn no-internal-gutter\"><div class=\"uncol style-light\"  ><div class=\"uncoltable\"><div class=\"uncell  boomapps_vccolumn quad-block-padding style-color-lxmt-bg\" ><div class=\"uncont\" style=\" max-width:1404px;\" ><div class=\"vc_custom_heading_wrap\"><div class=\"heading-text el-text\" ><p class=\"h6 fontheight-357766 fontspace-781688 font-weight-300 text-color-wvjs-color\" ><span><\/p><\/span><span><p style=\"text-align: center;\">Designhuset<\/p><\/span><span><p style=\"text-align: center;\">Annette Welander \u00e4r ett Svenskt Designhus synonymt med skarp Skandinavisk design, modern teknologi och svenskt hantverk som \u00e4r pr\u00e4glat och inspirerat av arkitektur och dess uttryck. Minimalistiska snitt och diskreta skulpturala element interagerar med h\u00e5llbart anskaffat 18karat guld och diamanter.<\/p><\/span><span><p>&nbsp;<\/p><\/span><span><div><\/span><span><p style=\"text-align: center;\"><\/span><span><\/div><\/span><span><p><\/span><\/p><\/div><div class=\"clear\"><\/div><\/div><\/div><\/div><\/div><\/div><\/div><script id=\"script-row-unique-0\" data-row=\"script-row-unique-0\" type=\"text\/javascript\" class=\"vc_controls\">UNCODE.initRow(document.getElementById(\"row-unique-0\"));<\/script><\/div><\/div><\/div><div data-parent=\"true\" class=\"vc_row last-element vc_custom_1743082714321 border-color-xsdn-color row-container boomapps_vcrow\" style=\"margin-top: 0px ;border-bottom-width: 0px ;padding-top: 0px ;padding-bottom: 0px ;\" id=\"row-unique-1\"><div class=\"row unequal col-no-gutter no-top-padding no-bottom-padding no-h-padding full-width row-parent\" data-height-ratio=\"1\"><div class=\"wpb_row row-inner\"><div class=\"wpb_column pos-top pos-center align_left column_parent col-lg-6 boomapps_vccolumn no-internal-gutter\"><div class=\"uncol style-light\"  ><div class=\"uncoltable\"><div class=\"uncell  boomapps_vccolumn quad-block-padding style-color-lxmt-bg\" ><div class=\"uncont\" style=\" max-width:1404px;\" ><div class=\"vc_custom_heading_wrap\"><div class=\"heading-text el-text\" ><p class=\"h6 fontheight-357766 fontspace-781688 font-weight-300 text-color-wvjs-color\" ><span><\/p><\/span><span><p>&nbsp;<\/p><\/span><span><p style=\"text-align: center;\">Den dolda ber\u00e4ttelsen<\/p><\/span><span><p style=\"text-align: center;\">Runtomkring oss f\u00f6rekommer det dolda \u00e4delstenar. Juveler som existerar i form av unika minnen f\u00f6rknippat med f\u00f6rem\u00e5l, byggnader, utrymmen eller tidsperioder. Sk\u00f6nheten i v\u00e4rlden \u00e4r kanske som starkast genom v\u00e5ra individuella anknytningar och unika perspektiv p\u00e5 n\u00e5got som kan betraktas som alldagligt av andra. I v\u00e5rt designhus har vi utvecklat v\u00e5r egen vision kring detta. V\u00e5r signatur best\u00e5r av en dold diamant i varje individuella smycke, endast k\u00e4nd f\u00f6r b\u00e4raren. Den dolda historien om v\u00e5ra smycken \u00e4r n\u00e5got som kan k\u00e4nnas, uppskattas och f\u00f6rest\u00e4llas.<\/p><\/span><span><div><\/span><span><p style=\"text-align: center;\"><\/span><span><\/div><\/span><span><p><\/span><\/p><\/div><div class=\"clear\"><\/div><\/div><\/div><\/div><\/div><\/div><\/div><div class=\"wpb_column pos-top pos-center align_left column_parent col-lg-6 boomapps_vccolumn single-internal-gutter\"><div class=\"uncol style-light\"  ><div class=\"uncoltable\"><div class=\"uncell  boomapps_vccolumn no-block-padding\" ><div class=\"uncont\" ><div class=\"uncode-single-media  text-left\"><div class=\"single-wrapper\" style=\"max-width: 100%;\"><div class=\"tmb tmb-light  tmb-media-first tmb-media-last tmb-content-overlay tmb-no-bg\"><div class=\"t-inside\"><div class=\"t-entry-visual\"><div class=\"t-entry-visual-tc\"><div class=\"uncode-single-media-wrapper\"><img decoding=\"async\" class=\"wp-image-79044\" src=\"https:\/\/annettewelander.com\/wp-content\/uploads\/2025\/03\/Ringbild_halv.jpg\" width=\"1600\" height=\"1280\" alt=\"Ringbild halv bredd\" srcset=\"https:\/\/annettewelander.com\/wp-content\/uploads\/2025\/03\/Ringbild_halv.jpg 1600w, https:\/\/annettewelander.com\/wp-content\/uploads\/2025\/03\/Ringbild_halv-500x400.jpg 500w, https:\/\/annettewelander.com\/wp-content\/uploads\/2025\/03\/Ringbild_halv-1024x819.jpg 1024w, https:\/\/annettewelander.com\/wp-content\/uploads\/2025\/03\/Ringbild_halv-768x614.jpg 768w, https:\/\/annettewelander.com\/wp-content\/uploads\/2025\/03\/Ringbild_halv-1536x1229.jpg 1536w, https:\/\/annettewelander.com\/wp-content\/uploads\/2025\/03\/Ringbild_halv-15x12.jpg 15w, https:\/\/annettewelander.com\/wp-content\/uploads\/2025\/03\/Ringbild_halv-350x280.jpg 350w, https:\/\/annettewelander.com\/wp-content\/uploads\/2025\/03\/Ringbild_halv-300x240.jpg 300w\" sizes=\"(max-width: 1600px) 100vw, 1600px\" \/><\/div>\n\t\t\t\t\t<\/div>\n\t\t\t\t<\/div><\/div><\/div><\/div><\/div><\/div><\/div><\/div><\/div><\/div><script id=\"script-row-unique-1\" data-row=\"script-row-unique-1\" type=\"text\/javascript\" class=\"vc_controls\">UNCODE.initRow(document.getElementById(\"row-unique-1\"));<\/script><\/div><\/div><\/div>\n<\/div>","protected":false},"excerpt":{"rendered":"The Design HouseAnnette Welander is a Swedish design house, synonymous with sharp Scandinavian design, modern technology and Swedish craftsmanship, taking [...]","protected":false},"author":2,"featured_media":74818,"parent":0,"menu_order":0,"comment_status":"closed","ping_status":"closed","template":"","meta":{"_acf_changed":false,"footnotes":""},"class_list":["post-73225","page","type-page","status-publish","has-post-thumbnail","hentry"],"acf":[],"yoast_head":"<!-- This site is optimized with the Yoast SEO plugin v26.8 - https:\/\/yoast.com\/product\/yoast-seo-wordpress\/ -->\n<title>The Design House | Annette Welander<\/title>\n<meta name=\"description\" content=\"Annette Welander is a Swedish design house, synonymous with sharp Scandinavian design, modern technology and Swedish craftsmanship, taking its influences and unique handwriting from architecture.\" \/>\n<meta name=\"robots\" content=\"index, follow, max-snippet:-1, max-image-preview:large, max-video-preview:-1\" \/>\n<link rel=\"canonical\" href=\"https:\/\/annettewelander.com\/sv\/the-house\/\" \/>\n<meta property=\"og:locale\" content=\"sv_SE\" \/>\n<meta property=\"og:type\" content=\"article\" \/>\n<meta property=\"og:title\" content=\"The Design House | Annette Welander\" \/>\n<meta property=\"og:description\" content=\"Annette Welander is a Swedish design house, synonymous with sharp Scandinavian design, modern technology and Swedish craftsmanship, taking its influences and unique handwriting from architecture.\" \/>\n<meta property=\"og:url\" content=\"https:\/\/annettewelander.com\/sv\/the-house\/\" \/>\n<meta property=\"og:site_name\" content=\"Annette Welander\" \/>\n<meta property=\"article:publisher\" content=\"https:\/\/www.facebook.com\/AnnetteWelander\/\" \/>\n<meta property=\"article:modified_time\" content=\"2025-03-27T13:38:34+00:00\" \/>\n<meta property=\"og:image\" content=\"https:\/\/annettewelander.com\/wp-content\/uploads\/2018\/09\/SEQUANTIAL-Gold-yellow-earcuff-scaled.jpg\" \/>\n\t<meta property=\"og:image:width\" content=\"1707\" \/>\n\t<meta property=\"og:image:height\" content=\"2560\" \/>\n\t<meta property=\"og:image:type\" content=\"image\/jpeg\" \/>\n<meta name=\"twitter:card\" content=\"summary_large_image\" \/>\n<meta name=\"twitter:site\" content=\"@annettewelander\" \/>\n<meta name=\"twitter:label1\" content=\"Ber\u00e4knad l\u00e4stid\" \/>\n\t<meta name=\"twitter:data1\" content=\"2 minuter\" \/>\n<script type=\"application\/ld+json\" class=\"yoast-schema-graph\">{\"@context\":\"https:\/\/schema.org\",\"@graph\":[{\"@type\":\"WebPage\",\"@id\":\"https:\/\/annettewelander.com\/the-house\/\",\"url\":\"https:\/\/annettewelander.com\/the-house\/\",\"name\":\"The Design House | Annette Welander\",\"isPartOf\":{\"@id\":\"https:\/\/annettewelander.com\/#website\"},\"primaryImageOfPage\":{\"@id\":\"https:\/\/annettewelander.com\/the-house\/#primaryimage\"},\"image\":{\"@id\":\"https:\/\/annettewelander.com\/the-house\/#primaryimage\"},\"thumbnailUrl\":\"https:\/\/annettewelander.com\/wp-content\/uploads\/2018\/09\/SEQUANTIAL-Gold-yellow-earcuff-scaled.jpg\",\"datePublished\":\"2018-08-27T09:24:10+00:00\",\"dateModified\":\"2025-03-27T13:38:34+00:00\",\"description\":\"Annette Welander is a Swedish design house, synonymous with sharp Scandinavian design, modern technology and Swedish craftsmanship, taking its influences and unique handwriting from architecture.\",\"breadcrumb\":{\"@id\":\"https:\/\/annettewelander.com\/the-house\/#breadcrumb\"},\"inLanguage\":\"sv-SE\",\"potentialAction\":[{\"@type\":\"ReadAction\",\"target\":[\"https:\/\/annettewelander.com\/the-house\/\"]}]},{\"@type\":\"ImageObject\",\"inLanguage\":\"sv-SE\",\"@id\":\"https:\/\/annettewelander.com\/the-house\/#primaryimage\",\"url\":\"https:\/\/annettewelander.com\/wp-content\/uploads\/2018\/09\/SEQUANTIAL-Gold-yellow-earcuff-scaled.jpg\",\"contentUrl\":\"https:\/\/annettewelander.com\/wp-content\/uploads\/2018\/09\/SEQUANTIAL-Gold-yellow-earcuff-scaled.jpg\",\"width\":1707,\"height\":2560},{\"@type\":\"BreadcrumbList\",\"@id\":\"https:\/\/annettewelander.com\/the-house\/#breadcrumb\",\"itemListElement\":[{\"@type\":\"ListItem\",\"position\":1,\"name\":\"Home\",\"item\":\"https:\/\/annettewelander.com\/\"},{\"@type\":\"ListItem\",\"position\":2,\"name\":\"The Design House\"}]},{\"@type\":\"WebSite\",\"@id\":\"https:\/\/annettewelander.com\/#website\",\"url\":\"https:\/\/annettewelander.com\/\",\"name\":\"Annette Welander\",\"description\":\"Contemporary Jewellery House\",\"publisher\":{\"@id\":\"https:\/\/annettewelander.com\/#organization\"},\"potentialAction\":[{\"@type\":\"SearchAction\",\"target\":{\"@type\":\"EntryPoint\",\"urlTemplate\":\"https:\/\/annettewelander.com\/?s={search_term_string}\"},\"query-input\":{\"@type\":\"PropertyValueSpecification\",\"valueRequired\":true,\"valueName\":\"search_term_string\"}}],\"inLanguage\":\"sv-SE\"},{\"@type\":\"Organization\",\"@id\":\"https:\/\/annettewelander.com\/#organization\",\"name\":\"Annette Welander\",\"url\":\"https:\/\/annettewelander.com\/\",\"logo\":{\"@type\":\"ImageObject\",\"inLanguage\":\"sv-SE\",\"@id\":\"https:\/\/annettewelander.com\/#\/schema\/logo\/image\/\",\"url\":\"https:\/\/annettewelander.com\/wp-content\/uploads\/2018\/08\/cropped-logobrowser.png\",\"contentUrl\":\"https:\/\/annettewelander.com\/wp-content\/uploads\/2018\/08\/cropped-logobrowser.png\",\"width\":512,\"height\":512,\"caption\":\"Annette Welander\"},\"image\":{\"@id\":\"https:\/\/annettewelander.com\/#\/schema\/logo\/image\/\"},\"sameAs\":[\"https:\/\/www.facebook.com\/AnnetteWelander\/\",\"https:\/\/x.com\/annettewelander\",\"https:\/\/www.instagram.com\/annettewelander\/\",\"https:\/\/www.pinterest.com\/annettewelander\/\",\"https:\/\/www.youtube.com\/channel\/UCee4klz8DKIvg_ZHMB0_yDA\",\"https:\/\/annettewelander.tumblr.com\"]}]}<\/script>\n<!-- \/ Yoast SEO plugin. -->","yoast_head_json":{"title":"The Design House | Annette Welander","description":"Annette Welander is a Swedish design house, synonymous with sharp Scandinavian design, modern technology and Swedish craftsmanship, taking its influences and unique handwriting from architecture.","robots":{"index":"index","follow":"follow","max-snippet":"max-snippet:-1","max-image-preview":"max-image-preview:large","max-video-preview":"max-video-preview:-1"},"canonical":"https:\/\/annettewelander.com\/sv\/the-house\/","og_locale":"sv_SE","og_type":"article","og_title":"The Design House | Annette Welander","og_description":"Annette Welander is a Swedish design house, synonymous with sharp Scandinavian design, modern technology and Swedish craftsmanship, taking its influences and unique handwriting from architecture.","og_url":"https:\/\/annettewelander.com\/sv\/the-house\/","og_site_name":"Annette Welander","article_publisher":"https:\/\/www.facebook.com\/AnnetteWelander\/","article_modified_time":"2025-03-27T13:38:34+00:00","og_image":[{"width":1707,"height":2560,"url":"https:\/\/annettewelander.com\/wp-content\/uploads\/2018\/09\/SEQUANTIAL-Gold-yellow-earcuff-scaled.jpg","type":"image\/jpeg"}],"twitter_card":"summary_large_image","twitter_site":"@annettewelander","twitter_misc":{"Ber\u00e4knad l\u00e4stid":"2 minuter"},"schema":{"@context":"https:\/\/schema.org","@graph":[{"@type":"WebPage","@id":"https:\/\/annettewelander.com\/the-house\/","url":"https:\/\/annettewelander.com\/the-house\/","name":"The Design House | Annette Welander","isPartOf":{"@id":"https:\/\/annettewelander.com\/#website"},"primaryImageOfPage":{"@id":"https:\/\/annettewelander.com\/the-house\/#primaryimage"},"image":{"@id":"https:\/\/annettewelander.com\/the-house\/#primaryimage"},"thumbnailUrl":"https:\/\/annettewelander.com\/wp-content\/uploads\/2018\/09\/SEQUANTIAL-Gold-yellow-earcuff-scaled.jpg","datePublished":"2018-08-27T09:24:10+00:00","dateModified":"2025-03-27T13:38:34+00:00","description":"Annette Welander is a Swedish design house, synonymous with sharp Scandinavian design, modern technology and Swedish craftsmanship, taking its influences and unique handwriting from architecture.","breadcrumb":{"@id":"https:\/\/annettewelander.com\/the-house\/#breadcrumb"},"inLanguage":"sv-SE","potentialAction":[{"@type":"ReadAction","target":["https:\/\/annettewelander.com\/the-house\/"]}]},{"@type":"ImageObject","inLanguage":"sv-SE","@id":"https:\/\/annettewelander.com\/the-house\/#primaryimage","url":"https:\/\/annettewelander.com\/wp-content\/uploads\/2018\/09\/SEQUANTIAL-Gold-yellow-earcuff-scaled.jpg","contentUrl":"https:\/\/annettewelander.com\/wp-content\/uploads\/2018\/09\/SEQUANTIAL-Gold-yellow-earcuff-scaled.jpg","width":1707,"height":2560},{"@type":"BreadcrumbList","@id":"https:\/\/annettewelander.com\/the-house\/#breadcrumb","itemListElement":[{"@type":"ListItem","position":1,"name":"Home","item":"https:\/\/annettewelander.com\/"},{"@type":"ListItem","position":2,"name":"The Design House"}]},{"@type":"WebSite","@id":"https:\/\/annettewelander.com\/#website","url":"https:\/\/annettewelander.com\/","name":"Annette Welander","description":"Contemporary Jewellery House","publisher":{"@id":"https:\/\/annettewelander.com\/#organization"},"potentialAction":[{"@type":"SearchAction","target":{"@type":"EntryPoint","urlTemplate":"https:\/\/annettewelander.com\/?s={search_term_string}"},"query-input":{"@type":"PropertyValueSpecification","valueRequired":true,"valueName":"search_term_string"}}],"inLanguage":"sv-SE"},{"@type":"Organization","@id":"https:\/\/annettewelander.com\/#organization","name":"Annette Welander","url":"https:\/\/annettewelander.com\/","logo":{"@type":"ImageObject","inLanguage":"sv-SE","@id":"https:\/\/annettewelander.com\/#\/schema\/logo\/image\/","url":"https:\/\/annettewelander.com\/wp-content\/uploads\/2018\/08\/cropped-logobrowser.png","contentUrl":"https:\/\/annettewelander.com\/wp-content\/uploads\/2018\/08\/cropped-logobrowser.png","width":512,"height":512,"caption":"Annette Welander"},"image":{"@id":"https:\/\/annettewelander.com\/#\/schema\/logo\/image\/"},"sameAs":["https:\/\/www.facebook.com\/AnnetteWelander\/","https:\/\/x.com\/annettewelander","https:\/\/www.instagram.com\/annettewelander\/","https:\/\/www.pinterest.com\/annettewelander\/","https:\/\/www.youtube.com\/channel\/UCee4klz8DKIvg_ZHMB0_yDA","https:\/\/annettewelander.tumblr.com"]}]}},"_links":{"self":[{"href":"https:\/\/annettewelander.com\/sv\/wp-json\/wp\/v2\/pages\/73225","targetHints":{"allow":["GET"]}}],"collection":[{"href":"https:\/\/annettewelander.com\/sv\/wp-json\/wp\/v2\/pages"}],"about":[{"href":"https:\/\/annettewelander.com\/sv\/wp-json\/wp\/v2\/types\/page"}],"author":[{"embeddable":true,"href":"https:\/\/annettewelander.com\/sv\/wp-json\/wp\/v2\/users\/2"}],"replies":[{"embeddable":true,"href":"https:\/\/annettewelander.com\/sv\/wp-json\/wp\/v2\/comments?post=73225"}],"version-history":[{"count":112,"href":"https:\/\/annettewelander.com\/sv\/wp-json\/wp\/v2\/pages\/73225\/revisions"}],"predecessor-version":[{"id":79066,"href":"https:\/\/annettewelander.com\/sv\/wp-json\/wp\/v2\/pages\/73225\/revisions\/79066"}],"wp:featuredmedia":[{"embeddable":true,"href":"https:\/\/annettewelander.com\/sv\/wp-json\/wp\/v2\/media\/74818"}],"wp:attachment":[{"href":"https:\/\/annettewelander.com\/sv\/wp-json\/wp\/v2\/media?parent=73225"}],"curies":[{"name":"wp","href":"https:\/\/api.w.org\/{rel}","templated":true}]}}