{"id":65805,"date":"2017-09-04T14:54:31","date_gmt":"2017-09-04T12:54:31","guid":{"rendered":"https:\/\/undsgn.com\/uncode_new\/?page_id=65805"},"modified":"2025-09-15T23:11:17","modified_gmt":"2025-09-15T21:11:17","slug":"home","status":"publish","type":"page","link":"https:\/\/annettewelander.com\/sv\/","title":{"rendered":"Home"},"content":{"rendered":"<div class=\"wpb-content-wrapper\"><div data-parent=\"true\" class=\"vc_row style-color-xsdn-bg row-container onepage-section boomapps_vcrow\" data-label=\"Home\" data-name=\"home\" id=\"row-unique-0\"><div class=\"row col-no-gutter single-top-padding single-bottom-padding single-h-padding full-width row-parent\" data-height-ratio=\"full\"><div class=\"wpb_row row-inner\"><div class=\"wpb_column pos-middle pos-center align_center column_parent col-lg-12 boomapps_vccolumn col-md-100 single-internal-gutter\"><div class=\"uncol style-dark animate_when_almost_visible bottom-t-top\"  data-delay=\"200\"><div class=\"uncoltable\"><div class=\"uncell  boomapps_vccolumn no-block-padding\" ><div class=\"uncont\" ><div class=\"uncode-single-media  text-left\"><div class=\"single-wrapper\" style=\"max-width: 100%;\"><a class=\"single-media-link\" href=\"\/sv\/the-house\/\"><div class=\"tmb tmb-light  tmb-media-first tmb-media-last tmb-content-overlay tmb-no-bg\"><div class=\"t-inside\"><div class=\"t-entry-visual\"><div class=\"t-entry-visual-tc\"><div class=\"uncode-single-media-wrapper\"><img decoding=\"async\" class=\"wp-image-79058\" src=\"https:\/\/annettewelander.com\/wp-content\/uploads\/2025\/03\/M5A7740_1600x900.jpg\" width=\"1600\" height=\"900\" alt=\"Toppbild startsida\" srcset=\"https:\/\/annettewelander.com\/wp-content\/uploads\/2025\/03\/M5A7740_1600x900.jpg 1600w, https:\/\/annettewelander.com\/wp-content\/uploads\/2025\/03\/M5A7740_1600x900-500x281.jpg 500w, https:\/\/annettewelander.com\/wp-content\/uploads\/2025\/03\/M5A7740_1600x900-1024x576.jpg 1024w, https:\/\/annettewelander.com\/wp-content\/uploads\/2025\/03\/M5A7740_1600x900-768x432.jpg 768w, https:\/\/annettewelander.com\/wp-content\/uploads\/2025\/03\/M5A7740_1600x900-1536x864.jpg 1536w, https:\/\/annettewelander.com\/wp-content\/uploads\/2025\/03\/M5A7740_1600x900-18x10.jpg 18w, https:\/\/annettewelander.com\/wp-content\/uploads\/2025\/03\/M5A7740_1600x900-350x197.jpg 350w, https:\/\/annettewelander.com\/wp-content\/uploads\/2025\/03\/M5A7740_1600x900-300x169.jpg 300w\" sizes=\"(max-width: 1600px) 100vw, 1600px\" \/><\/div>\n\t\t\t\t\t<\/div>\n\t\t\t\t<\/div><\/div><\/div><\/a><\/div><\/div><\/div><\/div><\/div><\/div><\/div><script id=\"script-row-unique-0\" data-row=\"script-row-unique-0\" type=\"text\/javascript\" class=\"vc_controls\">UNCODE.initRow(document.getElementById(\"row-unique-0\"));<\/script><\/div><\/div><\/div><div data-parent=\"true\" class=\"vc_row style-color-xsdn-bg row-container onepage-section boomapps_vcrow\" data-label=\"Home\" data-name=\"home\" id=\"row-unique-1\"><div class=\"row col-no-gutter single-top-padding single-bottom-padding single-h-padding full-width row-parent\" data-height-ratio=\"full\"><div class=\"wpb_row row-inner\"><div class=\"wpb_column pos-middle pos-center align_center column_parent col-lg-12 boomapps_vccolumn col-md-100 single-internal-gutter\"><div class=\"uncol style-dark animate_when_almost_visible bottom-t-top\"  data-delay=\"200\"><div class=\"uncoltable\"><div class=\"uncell  boomapps_vccolumn no-block-padding\" ><div class=\"uncont\" ><div class=\"uncode-single-media  text-left\"><div class=\"single-wrapper\" style=\"max-width: 100%;\"><a class=\"single-media-link\" href=\"https:\/\/annettewelander.com\/sv\/lemniscate\/\"><div class=\"tmb tmb-light  tmb-media-first tmb-media-last tmb-content-overlay tmb-no-bg\"><div class=\"t-inside\"><div class=\"t-entry-visual\"><div class=\"t-entry-visual-tc\"><div class=\"uncode-single-media-wrapper\"><img decoding=\"async\" class=\"wp-image-78684\" src=\"https:\/\/annettewelander.com\/wp-content\/uploads\/2023\/04\/AW_Startbild_www.jpg\" width=\"2560\" height=\"1440\" alt=\"\" srcset=\"https:\/\/annettewelander.com\/wp-content\/uploads\/2023\/04\/AW_Startbild_www.jpg 2560w, https:\/\/annettewelander.com\/wp-content\/uploads\/2023\/04\/AW_Startbild_www-500x281.jpg 500w, https:\/\/annettewelander.com\/wp-content\/uploads\/2023\/04\/AW_Startbild_www-1024x576.jpg 1024w, https:\/\/annettewelander.com\/wp-content\/uploads\/2023\/04\/AW_Startbild_www-768x432.jpg 768w, https:\/\/annettewelander.com\/wp-content\/uploads\/2023\/04\/AW_Startbild_www-1536x864.jpg 1536w, https:\/\/annettewelander.com\/wp-content\/uploads\/2023\/04\/AW_Startbild_www-2048x1152.jpg 2048w, https:\/\/annettewelander.com\/wp-content\/uploads\/2023\/04\/AW_Startbild_www-350x197.jpg 350w, https:\/\/annettewelander.com\/wp-content\/uploads\/2023\/04\/AW_Startbild_www-300x169.jpg 300w\" sizes=\"(max-width: 2560px) 100vw, 2560px\" \/><\/div>\n\t\t\t\t\t<\/div>\n\t\t\t\t<\/div><\/div><\/div><\/a><\/div><\/div><\/div><\/div><\/div><\/div><\/div><script id=\"script-row-unique-1\" data-row=\"script-row-unique-1\" type=\"text\/javascript\" class=\"vc_controls\">UNCODE.initRow(document.getElementById(\"row-unique-1\"));<\/script><\/div><\/div><\/div><div data-parent=\"true\" class=\"vc_row style-color-xsdn-bg row-container onepage-section boomapps_vcrow\" data-label=\"Home\" data-name=\"home\" id=\"row-unique-2\"><div class=\"row col-no-gutter single-top-padding single-bottom-padding single-h-padding full-width row-parent\" data-height-ratio=\"full\"><div class=\"wpb_row row-inner\"><div class=\"wpb_column pos-middle pos-center align_center column_parent col-lg-12 boomapps_vccolumn col-md-100 single-internal-gutter\"><div class=\"uncol style-dark animate_when_almost_visible bottom-t-top\"  data-delay=\"200\"><div class=\"uncoltable\"><div class=\"uncell  boomapps_vccolumn no-block-padding\" ><div class=\"uncont\" ><div class=\"uncode-single-media  text-left\"><div class=\"single-wrapper\" style=\"max-width: 100%;\"><a class=\"single-media-link\" href=\"https:\/\/annettewelander.com\/sv\/sequential\/\"><div class=\"tmb tmb-light  tmb-media-first tmb-media-last tmb-content-overlay tmb-no-bg\"><div class=\"t-inside\"><div class=\"t-entry-visual\"><div class=\"t-entry-visual-tc\"><div class=\"uncode-single-media-wrapper\"><img decoding=\"async\" class=\"wp-image-77475\" src=\"https:\/\/annettewelander.com\/wp-content\/uploads\/2020\/02\/homepage-background-2020-02-scaled.jpg\" width=\"2560\" height=\"1440\" alt=\"\" srcset=\"https:\/\/annettewelander.com\/wp-content\/uploads\/2020\/02\/homepage-background-2020-02-scaled.jpg 2560w, https:\/\/annettewelander.com\/wp-content\/uploads\/2020\/02\/homepage-background-2020-02-scaled-300x169.jpg 300w, https:\/\/annettewelander.com\/wp-content\/uploads\/2020\/02\/homepage-background-2020-02-1024x576.jpg 1024w, https:\/\/annettewelander.com\/wp-content\/uploads\/2020\/02\/homepage-background-2020-02-768x432.jpg 768w, https:\/\/annettewelander.com\/wp-content\/uploads\/2020\/02\/homepage-background-2020-02-1536x864.jpg 1536w, https:\/\/annettewelander.com\/wp-content\/uploads\/2020\/02\/homepage-background-2020-02-2048x1152.jpg 2048w\" sizes=\"(max-width: 2560px) 100vw, 2560px\" \/><\/div>\n\t\t\t\t\t<\/div>\n\t\t\t\t<\/div><\/div><\/div><\/a><\/div><\/div><\/div><\/div><\/div><\/div><\/div><script id=\"script-row-unique-2\" data-row=\"script-row-unique-2\" type=\"text\/javascript\" class=\"vc_controls\">UNCODE.initRow(document.getElementById(\"row-unique-2\"));<\/script><\/div><\/div><\/div><div data-parent=\"true\" class=\"vc_row style-color-prif-bg row-container onepage-section boomapps_vcrow\" data-label=\"Home\" data-name=\"home\" id=\"row-unique-3\"><div class=\"row-background background-element\">\n\t\t\t\t\t\t\t\t\t\t\t<div class=\"background-wrapper\">\n\t\t\t\t\t\t\t\t\t\t\t\t<div class=\"background-inner\" style=\"background-image: url(https:\/\/annettewelander.com\/wp-content\/uploads\/2019\/09\/HOMEBACKGROUNDSEPTEMBER2019-scaled.jpg);background-repeat: no-repeat;background-position: center center;background-attachment: scroll;background-size: cover;\"><\/div>\n\t\t\t\t\t\t\t\t\t\t\t\t<div class=\"block-bg-overlay style-color-prif-bg\" style=\"opacity: 0;\"><\/div>\n\t\t\t\t\t\t\t\t\t\t\t<\/div>\n\t\t\t\t\t\t\t\t\t\t<\/div><div class=\"row full-width row-parent\" data-height-ratio=\"full\"><div class=\"wpb_row row-inner\"><div class=\"wpb_column pos-middle pos-center align_center column_parent col-lg-12 boomapps_vccolumn col-md-50 single-internal-gutter\"><div class=\"uncol style-dark animate_when_almost_visible bottom-t-top\"  data-delay=\"200\"><div class=\"uncoltable\"><div class=\"uncell  boomapps_vccolumn no-block-padding\" ><div class=\"uncont\" ><div class=\"vc_row row-internal row-container boomapps_vcrow\"><div class=\"row row-child\"><div class=\"wpb_row row-inner\"><div class=\"wpb_column pos-top pos-center align_center column_child col-lg-12 boomapps_vccolumn single-internal-gutter\"><div class=\"uncol style-light\" ><div class=\"uncoltable\"><div class=\"uncell  boomapps_vccolumn no-block-padding\" ><div class=\"uncont\" ><\/div><\/div><\/div><\/div><\/div><\/div><\/div><\/div><div class=\"owl-carousel-wrapper\">\n\t\n\t<div class=\"owl-carousel-container owl-carousel-loading single-gutter\">\n\t\t\t\t\t\t<div id=\"gallery-185653\" class=\"owl-carousel owl-element owl-valign-middle owl-height-auto\" data-navmobile=\"false\" data-navspeed=\"400\" data-autoplay=\"true\" data-timeout=\"3000\" data-stagepadding=\"0\" data-lg=\"3\" data-md=\"3\" data-sm=\"1\">\n<div class=\"tmb tmb-carousel tmb-iso-h4 tmb-light tmb-overlay-middle tmb-overlay-text-left tmb-id-78749  tmb-media-first tmb-media-last tmb-content-overlay tmb-no-bg\" ><div class=\"t-inside animate_when_almost_visible bottom-t-top\" ><div class=\"t-entry-visual\"><div class=\"t-entry-visual-tc\"><div class=\"t-entry-visual-cont\"><div class=\"dummy\" style=\"padding-top: 150%;\"><\/div><a tabindex=\"-1\" href=\"https:\/\/annettewelander.com\/sv\/produkt\/w4-earring\/\" class=\"pushed\" data-lb-index=\"0\"><div class=\"t-entry-visual-overlay\"><div class=\"t-entry-visual-overlay-in style-dark-bg\" style=\"opacity: 0.5;\"><\/div><\/div><img decoding=\"async\" class=\"wp-image-78749\" src=\"https:\/\/annettewelander.com\/wp-content\/uploads\/2024\/07\/black.jpg\" width=\"960\" height=\"1440\" alt=\"\" srcset=\"https:\/\/annettewelander.com\/wp-content\/uploads\/2024\/07\/black.jpg 960w, https:\/\/annettewelander.com\/wp-content\/uploads\/2024\/07\/black-333x500.jpg 333w, https:\/\/annettewelander.com\/wp-content\/uploads\/2024\/07\/black-683x1024.jpg 683w, https:\/\/annettewelander.com\/wp-content\/uploads\/2024\/07\/black-768x1152.jpg 768w, https:\/\/annettewelander.com\/wp-content\/uploads\/2024\/07\/black-350x525.jpg 350w, https:\/\/annettewelander.com\/wp-content\/uploads\/2024\/07\/black-300x450.jpg 300w\" sizes=\"(max-width: 960px) 100vw, 960px\" \/><\/a><\/div>\n\t\t\t\t\t<\/div>\n\t\t\t\t<\/div><\/div><\/div><div class=\"tmb tmb-carousel tmb-iso-h4 tmb-light tmb-overlay-middle tmb-overlay-text-left tmb-id-78775  tmb-media-first tmb-media-last tmb-content-overlay tmb-no-bg\" ><div class=\"t-inside animate_when_almost_visible bottom-t-top\" ><div class=\"t-entry-visual\"><div class=\"t-entry-visual-tc\"><div class=\"t-entry-visual-cont\"><div class=\"dummy\" style=\"padding-top: 150.1%;\"><\/div><a tabindex=\"-1\" href=\"https:\/\/annettewelander.com\/sv\/w\/\" class=\"pushed\" data-lb-index=\"1\"><div class=\"t-entry-visual-overlay\"><div class=\"t-entry-visual-overlay-in style-dark-bg\" style=\"opacity: 0.5;\"><\/div><\/div><img decoding=\"async\" class=\"wp-image-78775\" src=\"https:\/\/annettewelander.com\/wp-content\/uploads\/2024\/07\/AW_2024-1-1034-1-copy-2-1.jpg\" width=\"747\" height=\"1121\" alt=\"\" srcset=\"https:\/\/annettewelander.com\/wp-content\/uploads\/2024\/07\/AW_2024-1-1034-1-copy-2-1.jpg 747w, https:\/\/annettewelander.com\/wp-content\/uploads\/2024\/07\/AW_2024-1-1034-1-copy-2-1-333x500.jpg 333w, https:\/\/annettewelander.com\/wp-content\/uploads\/2024\/07\/AW_2024-1-1034-1-copy-2-1-682x1024.jpg 682w, https:\/\/annettewelander.com\/wp-content\/uploads\/2024\/07\/AW_2024-1-1034-1-copy-2-1-350x525.jpg 350w, https:\/\/annettewelander.com\/wp-content\/uploads\/2024\/07\/AW_2024-1-1034-1-copy-2-1-300x450.jpg 300w\" sizes=\"(max-width: 747px) 100vw, 747px\" \/><\/a><\/div>\n\t\t\t\t\t<\/div>\n\t\t\t\t<\/div><\/div><\/div><div class=\"tmb tmb-carousel tmb-iso-h4 tmb-light tmb-overlay-middle tmb-overlay-text-left tmb-id-78748  tmb-media-first tmb-media-last tmb-content-overlay tmb-no-bg\" ><div class=\"t-inside animate_when_almost_visible bottom-t-top\" ><div class=\"t-entry-visual\"><div class=\"t-entry-visual-tc\"><div class=\"t-entry-visual-cont\"><div class=\"dummy\" style=\"padding-top: 150%;\"><\/div><a tabindex=\"-1\" href=\"https:\/\/annettewelander.com\/sv\/produkt\/w4-earring\/\" class=\"pushed\" data-lb-index=\"2\"><div class=\"t-entry-visual-overlay\"><div class=\"t-entry-visual-overlay-in style-dark-bg\" style=\"opacity: 0.5;\"><\/div><\/div><img decoding=\"async\" class=\"wp-image-78748\" src=\"https:\/\/annettewelander.com\/wp-content\/uploads\/2024\/07\/white.jpg\" width=\"960\" height=\"1440\" alt=\"\" srcset=\"https:\/\/annettewelander.com\/wp-content\/uploads\/2024\/07\/white.jpg 960w, https:\/\/annettewelander.com\/wp-content\/uploads\/2024\/07\/white-333x500.jpg 333w, https:\/\/annettewelander.com\/wp-content\/uploads\/2024\/07\/white-683x1024.jpg 683w, https:\/\/annettewelander.com\/wp-content\/uploads\/2024\/07\/white-768x1152.jpg 768w, https:\/\/annettewelander.com\/wp-content\/uploads\/2024\/07\/white-350x525.jpg 350w, https:\/\/annettewelander.com\/wp-content\/uploads\/2024\/07\/white-300x450.jpg 300w\" sizes=\"(max-width: 960px) 100vw, 960px\" \/><\/a><\/div>\n\t\t\t\t\t<\/div>\n\t\t\t\t<\/div><\/div><\/div>\t\t\t\t\t\t<\/div>\n\t\t\t\t\t<\/div>\n\n\t\n\t\n<\/div>\n\n<\/div><\/div><\/div><\/div><\/div><script id=\"script-row-unique-3\" data-row=\"script-row-unique-3\" type=\"text\/javascript\" class=\"vc_controls\">UNCODE.initRow(document.getElementById(\"row-unique-3\"));<\/script><\/div><\/div><\/div>\n<\/div>","protected":false},"excerpt":{"rendered":"","protected":false},"author":2,"featured_media":0,"parent":0,"menu_order":0,"comment_status":"closed","ping_status":"closed","template":"","meta":{"_acf_changed":false,"footnotes":""},"class_list":["post-65805","page","type-page","status-publish","hentry"],"acf":[],"yoast_head":"<!-- This site is optimized with the Yoast SEO plugin v26.8 - https:\/\/yoast.com\/product\/yoast-seo-wordpress\/ -->\n<title>Annette Welander \/ Official Website<\/title>\n<meta name=\"description\" content=\"Annette Welander is a Swedish design house, synonymous with sharp Scandinavian design, modern technology and Swedish craftsmanship, taking its influences and unique handwriting from architecture. Minimalist cuts and understated sculptural elements utilise sustainably sourced 18K gold and diamonds.\" \/>\n<meta name=\"robots\" content=\"index, follow, max-snippet:-1, max-image-preview:large, max-video-preview:-1\" \/>\n<link rel=\"canonical\" href=\"https:\/\/annettewelander.com\/sv\/\" \/>\n<meta property=\"og:locale\" content=\"sv_SE\" \/>\n<meta property=\"og:type\" content=\"article\" \/>\n<meta property=\"og:title\" content=\"Annette Welander \/ Official Website\" \/>\n<meta property=\"og:description\" content=\"Annette Welander is a Swedish design house, synonymous with sharp Scandinavian design, modern technology and Swedish craftsmanship, taking its influences and unique handwriting from architecture. Minimalist cuts and understated sculptural elements utilise sustainably sourced 18K gold and diamonds.\" \/>\n<meta property=\"og:url\" content=\"https:\/\/annettewelander.com\/sv\/\" \/>\n<meta property=\"og:site_name\" content=\"Annette Welander\" \/>\n<meta property=\"article:publisher\" content=\"https:\/\/www.facebook.com\/AnnetteWelander\/\" \/>\n<meta property=\"article:modified_time\" content=\"2025-09-15T21:11:17+00:00\" \/>\n<meta property=\"og:image\" content=\"https:\/\/annettewelander.com\/wp-content\/uploads\/2020\/06\/5ARCRING-redNODIAMOND-LOW2.jpg\" \/>\n\t<meta property=\"og:image:width\" content=\"1426\" \/>\n\t<meta property=\"og:image:height\" content=\"2000\" \/>\n\t<meta property=\"og:image:type\" content=\"image\/jpeg\" \/>\n<meta name=\"twitter:card\" content=\"summary_large_image\" \/>\n<meta name=\"twitter:site\" content=\"@annettewelander\" \/>\n<meta name=\"twitter:label1\" content=\"Ber\u00e4knad l\u00e4stid\" \/>\n\t<meta name=\"twitter:data1\" content=\"1 minut\" \/>\n<script type=\"application\/ld+json\" class=\"yoast-schema-graph\">{\"@context\":\"https:\/\/schema.org\",\"@graph\":[{\"@type\":\"WebPage\",\"@id\":\"https:\/\/annettewelander.com\/\",\"url\":\"https:\/\/annettewelander.com\/\",\"name\":\"Annette Welander \/ Official Website\",\"isPartOf\":{\"@id\":\"https:\/\/annettewelander.com\/#website\"},\"datePublished\":\"2017-09-04T12:54:31+00:00\",\"dateModified\":\"2025-09-15T21:11:17+00:00\",\"description\":\"Annette Welander is a Swedish design house, synonymous with sharp Scandinavian design, modern technology and Swedish craftsmanship, taking its influences and unique handwriting from architecture. Minimalist cuts and understated sculptural elements utilise sustainably sourced 18K gold and diamonds.\",\"breadcrumb\":{\"@id\":\"https:\/\/annettewelander.com\/#breadcrumb\"},\"inLanguage\":\"sv-SE\",\"potentialAction\":[{\"@type\":\"ReadAction\",\"target\":[\"https:\/\/annettewelander.com\/\"]}]},{\"@type\":\"BreadcrumbList\",\"@id\":\"https:\/\/annettewelander.com\/#breadcrumb\",\"itemListElement\":[{\"@type\":\"ListItem\",\"position\":1,\"name\":\"Home\",\"item\":\"https:\/\/annettewelander.com\/\"},{\"@type\":\"ListItem\",\"position\":2,\"name\":\"Home\"}]},{\"@type\":\"WebSite\",\"@id\":\"https:\/\/annettewelander.com\/#website\",\"url\":\"https:\/\/annettewelander.com\/\",\"name\":\"Annette Welander\",\"description\":\"Contemporary Jewellery House\",\"publisher\":{\"@id\":\"https:\/\/annettewelander.com\/#organization\"},\"potentialAction\":[{\"@type\":\"SearchAction\",\"target\":{\"@type\":\"EntryPoint\",\"urlTemplate\":\"https:\/\/annettewelander.com\/?s={search_term_string}\"},\"query-input\":{\"@type\":\"PropertyValueSpecification\",\"valueRequired\":true,\"valueName\":\"search_term_string\"}}],\"inLanguage\":\"sv-SE\"},{\"@type\":\"Organization\",\"@id\":\"https:\/\/annettewelander.com\/#organization\",\"name\":\"Annette Welander\",\"url\":\"https:\/\/annettewelander.com\/\",\"logo\":{\"@type\":\"ImageObject\",\"inLanguage\":\"sv-SE\",\"@id\":\"https:\/\/annettewelander.com\/#\/schema\/logo\/image\/\",\"url\":\"https:\/\/annettewelander.com\/wp-content\/uploads\/2018\/08\/cropped-logobrowser.png\",\"contentUrl\":\"https:\/\/annettewelander.com\/wp-content\/uploads\/2018\/08\/cropped-logobrowser.png\",\"width\":512,\"height\":512,\"caption\":\"Annette Welander\"},\"image\":{\"@id\":\"https:\/\/annettewelander.com\/#\/schema\/logo\/image\/\"},\"sameAs\":[\"https:\/\/www.facebook.com\/AnnetteWelander\/\",\"https:\/\/x.com\/annettewelander\",\"https:\/\/www.instagram.com\/annettewelander\/\",\"https:\/\/www.pinterest.com\/annettewelander\/\",\"https:\/\/www.youtube.com\/channel\/UCee4klz8DKIvg_ZHMB0_yDA\",\"https:\/\/annettewelander.tumblr.com\"]}]}<\/script>\n<!-- \/ Yoast SEO plugin. -->","yoast_head_json":{"title":"Annette Welander \/ Official Website","description":"Annette Welander \u00e4r ett Svenskt Designhus synonymt med skarp Skandinavisk design, modern teknologi och svenskt hantverk som \u00e4r pr\u00e4glat och inspirerat av arkitektur och dess uttryck. Minimalistiska snitt och diskreta skulpturala element interagerar med h\u00e5llbart anskaffat 18karat guld och diamanter.","robots":{"index":"index","follow":"follow","max-snippet":"max-snippet:-1","max-image-preview":"max-image-preview:large","max-video-preview":"max-video-preview:-1"},"canonical":"https:\/\/annettewelander.com\/sv\/","og_locale":"sv_SE","og_type":"article","og_title":"Annette Welander \/ Official Website","og_description":"Annette Welander is a Swedish design house, synonymous with sharp Scandinavian design, modern technology and Swedish craftsmanship, taking its influences and unique handwriting from architecture. Minimalist cuts and understated sculptural elements utilise sustainably sourced 18K gold and diamonds.","og_url":"https:\/\/annettewelander.com\/sv\/","og_site_name":"Annette Welander","article_publisher":"https:\/\/www.facebook.com\/AnnetteWelander\/","article_modified_time":"2025-09-15T21:11:17+00:00","og_image":[{"width":1426,"height":2000,"url":"https:\/\/annettewelander.com\/wp-content\/uploads\/2020\/06\/5ARCRING-redNODIAMOND-LOW2.jpg","type":"image\/jpeg"}],"twitter_card":"summary_large_image","twitter_site":"@annettewelander","twitter_misc":{"Ber\u00e4knad l\u00e4stid":"1 minut"},"schema":{"@context":"https:\/\/schema.org","@graph":[{"@type":"WebPage","@id":"https:\/\/annettewelander.com\/","url":"https:\/\/annettewelander.com\/","name":"Annette Welander \/ Official Website","isPartOf":{"@id":"https:\/\/annettewelander.com\/#website"},"datePublished":"2017-09-04T12:54:31+00:00","dateModified":"2025-09-15T21:11:17+00:00","description":"Annette Welander \u00e4r ett Svenskt Designhus synonymt med skarp Skandinavisk design, modern teknologi och svenskt hantverk som \u00e4r pr\u00e4glat och inspirerat av arkitektur och dess uttryck. Minimalistiska snitt och diskreta skulpturala element interagerar med h\u00e5llbart anskaffat 18karat guld och diamanter.","breadcrumb":{"@id":"https:\/\/annettewelander.com\/#breadcrumb"},"inLanguage":"sv-SE","potentialAction":[{"@type":"ReadAction","target":["https:\/\/annettewelander.com\/"]}]},{"@type":"BreadcrumbList","@id":"https:\/\/annettewelander.com\/#breadcrumb","itemListElement":[{"@type":"ListItem","position":1,"name":"Home","item":"https:\/\/annettewelander.com\/"},{"@type":"ListItem","position":2,"name":"Home"}]},{"@type":"WebSite","@id":"https:\/\/annettewelander.com\/#website","url":"https:\/\/annettewelander.com\/","name":"Annette Welander","description":"Contemporary Jewellery House","publisher":{"@id":"https:\/\/annettewelander.com\/#organization"},"potentialAction":[{"@type":"SearchAction","target":{"@type":"EntryPoint","urlTemplate":"https:\/\/annettewelander.com\/?s={search_term_string}"},"query-input":{"@type":"PropertyValueSpecification","valueRequired":true,"valueName":"search_term_string"}}],"inLanguage":"sv-SE"},{"@type":"Organization","@id":"https:\/\/annettewelander.com\/#organization","name":"Annette Welander","url":"https:\/\/annettewelander.com\/","logo":{"@type":"ImageObject","inLanguage":"sv-SE","@id":"https:\/\/annettewelander.com\/#\/schema\/logo\/image\/","url":"https:\/\/annettewelander.com\/wp-content\/uploads\/2018\/08\/cropped-logobrowser.png","contentUrl":"https:\/\/annettewelander.com\/wp-content\/uploads\/2018\/08\/cropped-logobrowser.png","width":512,"height":512,"caption":"Annette Welander"},"image":{"@id":"https:\/\/annettewelander.com\/#\/schema\/logo\/image\/"},"sameAs":["https:\/\/www.facebook.com\/AnnetteWelander\/","https:\/\/x.com\/annettewelander","https:\/\/www.instagram.com\/annettewelander\/","https:\/\/www.pinterest.com\/annettewelander\/","https:\/\/www.youtube.com\/channel\/UCee4klz8DKIvg_ZHMB0_yDA","https:\/\/annettewelander.tumblr.com"]}]}},"_links":{"self":[{"href":"https:\/\/annettewelander.com\/sv\/wp-json\/wp\/v2\/pages\/65805","targetHints":{"allow":["GET"]}}],"collection":[{"href":"https:\/\/annettewelander.com\/sv\/wp-json\/wp\/v2\/pages"}],"about":[{"href":"https:\/\/annettewelander.com\/sv\/wp-json\/wp\/v2\/types\/page"}],"author":[{"embeddable":true,"href":"https:\/\/annettewelander.com\/sv\/wp-json\/wp\/v2\/users\/2"}],"replies":[{"embeddable":true,"href":"https:\/\/annettewelander.com\/sv\/wp-json\/wp\/v2\/comments?post=65805"}],"version-history":[{"count":67,"href":"https:\/\/annettewelander.com\/sv\/wp-json\/wp\/v2\/pages\/65805\/revisions"}],"predecessor-version":[{"id":79347,"href":"https:\/\/annettewelander.com\/sv\/wp-json\/wp\/v2\/pages\/65805\/revisions\/79347"}],"wp:attachment":[{"href":"https:\/\/annettewelander.com\/sv\/wp-json\/wp\/v2\/media?parent=65805"}],"curies":[{"name":"wp","href":"https:\/\/api.w.org\/{rel}","templated":true}]}}